{"id":32,"date":"2018-12-28T17:14:58","date_gmt":"2018-12-28T17:14:58","guid":{"rendered":"https:\/\/www.worldsfinest.ca\/privacy-policy\/"},"modified":"2025-09-02T09:58:50","modified_gmt":"2025-09-02T13:58:50","slug":"privacy-policy-and-terms-conditions","status":"publish","type":"page","link":"https:\/\/www.worldsfinest.ca\/fr\/privacy-policy-and-terms-conditions\/","title":{"rendered":"Politique de confidentialit\u00e9 et conditions"},"content":{"rendered":"<p>(La protection de votre vie priv\u00e9e est tr\u00e8s importante pour Chocolat Le Meilleur au Monde\u00ae. Nous prenons tr\u00e8s au s\u00e9rieux la protection de vos renseignements personnels. Cette politique a pour but de vous aider \u00e0 comprendre comment nous recueillons, utilisons et enregistrons les renseignements que vous fournissez par le biais de notre site Web.<\/p>\n<h3>COMMANDES<\/h3>\n<p>Lorsque vous passez une commande pour un produit, nous devons conna\u00eetre votre nom, votre adresse courriel, votre adresse postale, le num\u00e9ro de votre carte de cr\u00e9dit et sa date d&#8217;expiration. Ces informations nous sont n\u00e9cessaires pour le traitement et la pr\u00e9paration de votre commande, ainsi que pour la transmission d&#8217;une confirmation de commande. Toutes les transactions r\u00e9alis\u00e9es par Internet aupr\u00e8s de Chocolat Le Meilleur au Monde\u00ae sont effectu\u00e9es sur un serveur s\u00e9curis\u00e9 qui chiffre l&#8217;information relative \u00e0 votre carte de cr\u00e9dit afin d&#8217;assurer qu&#8217;elle n&#8217;est pas lue par des tiers non autoris\u00e9s.<\/p>\n<h3>COMMUNICATIONS D&#8217;ENTREPRISE<\/h3>\n<p>Lorsque vous achetez des produits en ligne aupr\u00e8s de Chocolat Le Meilleur au Monde\u00ae, que vous demandez de l&#8217;information sur un produit ou que vous nous fournissez des renseignements personnels, nous ne vous inscrivons pas automatiquement sur notre liste d&#8217;envoi de courriels promotionnels et de catalogues par publipostage. Pour recevoir des courriels promotionnels, vous devez explicitement donner votre consentement en cochant la case d\u2019inclusion lors de votre inscription.<\/p>\n<p>Nous ne communiquerons pas vos renseignements personnels \u00e0 des soci\u00e9t\u00e9s tierces non affili\u00e9es.<\/p>\n<h3>POLITIQUES RELATIVES AUX ENFANTS<\/h3>\n<p>Chocolat Le Meilleur au Monde\u00ae ne collecte ni n&#8217;utilise sciemment des renseignements relatifs \u00e0 des utilisateurs de moins de 13 ans. Aucun renseignement ne doit \u00eatre soumis par le biais de notre site par des visiteurs de moins de 13 ans.<\/p>\n<h3>INFORMATION SUR LA NAVIGATION<\/h3>\n<p>Notre site utilise des t\u00e9moins de connexion. Un t\u00e9moin de connexion est un petit fichier plac\u00e9 sur le disque dur de votre ordinateur contenant des informations cr\u00e9\u00e9es par un site Web lors de votre visite, telles que votre adresse IP, le type de navigateur ou le nom de domaine. De plus, si vous soumettez des renseignements personnels par le biais de notre site Web (tels que vos nom, int\u00e9r\u00eats ou pr\u00e9f\u00e9rences), nous pourrions utiliser des t\u00e9moins de connexion pour garder une trace de ces renseignements afin que vous n&#8217;ayez pas \u00e0 les saisir de nouveau lors de visites ult\u00e9rieures. Nous utilisons des t\u00e9moins de connexion pour personnaliser la pr\u00e9sentation du contenu de notre site Web, en vue d&#8217;identifier les sections populaires et celles qui doivent \u00eatre am\u00e9lior\u00e9es. Chocolat Le Meilleur au Monde\u00ae ne partage pas, avec quelque tiers que ce soit, les renseignements personnels obtenus par le biais de t\u00e9moins de connexion. Vous pouvez d\u00e9finir les pr\u00e9f\u00e9rences de votre navigateur Internet de fa\u00e7on \u00e0 \u00eatre averti lorsque vous recevez un t\u00e9moin de connexion ou pour refuser les t\u00e9moins de connexion. Toutefois, si vous refusez les t\u00e9moins de connexion, les performances de notre site Web pourraient ne pas \u00eatre optimales.<\/p>\n<h3>SITES LI\u00c9S<\/h3>\n<p>Veuillez noter que notre site Web contient des liens vers des sites Web tiers. Les sites li\u00e9s ne sont pas sous le contr\u00f4le de Chocolat Le Meilleur au Monde\u00ae, et nous ne sommes pas responsables du contenu ou des pratiques en mati\u00e8re de confidentialit\u00e9 de tout site li\u00e9, ni de tout lien figurant sur un site li\u00e9.<\/p>\n<h3>USAGE \u00c0 DES FINS PERSONNELLES \/ NON COMMERCIALES<\/h3>\n<p>Vous \u00eates autoris\u00e9 \u00e0 t\u00e9l\u00e9charger une copie du contenu du pr\u00e9sent site Web sur un ordinateur et \u00e0 en imprimer une copie papier uniquement en vue d&#8217;un usage personnel \/ non commercial. Ce faisant, vous ne pouvez en aucun cas supprimer ni modifier quelque marque de commerce, droit d&#8217;auteur ou autre avis de propri\u00e9t\u00e9 que ce soit. Vous ne pouvez pas modifier, copier, distribuer, republier, exploiter commercialement ni t\u00e9l\u00e9charger aucun des \u00e9l\u00e9ments du pr\u00e9sent site Web sans l&#8217;autorisation \u00e9crite pr\u00e9alable de Chocolat Le Meilleur au Monde\u00ae, sauf dans les cas express\u00e9ment autoris\u00e9s dans la premi\u00e8re phrase de ce paragraphe et dans la mesure o\u00f9 cela est express\u00e9ment autoris\u00e9 de temps \u00e0 autre sur ce site Web par le biais de la fonctionnalit\u00e9 \u00ab envoyer \u00e0 un ami \u00bb ou d&#8217;une fonctionnalit\u00e9 similaire en lien avec un contenu particulier du pr\u00e9sent site Web (vous ne pouvez en aucun cas exploiter commercialement un tel contenu sans l&#8217;autorisation \u00e9crite pr\u00e9alable de Chocolat Le Meilleur au Monde\u00ae). Aucune propri\u00e9t\u00e9 intellectuelle ni aucun autre droit relatif au pr\u00e9sent site Web, autre que le droit d&#8217;utilisation d\u00e9fini ci-dessus, ne vous sont transf\u00e9r\u00e9s.<\/p>\n<h3>MODIFICATIONS DE LA POLITIQUE DE CONFIDENTIALIT\u00c9<\/h3>\n<p>Chocolat Le Meilleur au Monde\u00ae se r\u00e9serve le droit de r\u00e9viser la pr\u00e9sente politique \u00e0 tout moment en mettant \u00e0 jour cette publication. Votre utilisation de notre site Web indique que vous acceptez la politique de confidentialit\u00e9 actuellement publi\u00e9e.<\/p>\n<h3>COORDONN\u00c9ES<\/h3>\n<p>T\u00e9l\u00e9phone : 1.800.461.1957<br \/>\nT\u00e9l\u00e9copieur : 705.653.4750<br \/>\nCourriel : info@worldsfinest.ca<\/p>\n<p><p>\u00c9crire \u00e0 :<br \/>\nChocolat Le Meilleur au Monde\u00ae du Canada<br \/>\nAttention : Centre de Service \u00e0 la client\u00e8le<br \/>\n103 Second Street Campbellford, ON K0L1L0<\/p>\n","protected":false},"excerpt":{"rendered":"<p>(La protection de votre vie priv\u00e9e est tr\u00e8s importante pour Chocolat Le Meilleur au Monde\u00ae. Nous prenons tr\u00e8s au s\u00e9rieux la protection de vos renseignements personnels. Cette politique a pour but de vous aider \u00e0 comprendre comment nous recueillons, utilisons et enregistrons les renseignements que vous fournissez par le biais de notre site Web. COMMANDES [&hellip;]<\/p>\n","protected":false},"author":1,"featured_media":0,"parent":0,"menu_order":0,"comment_status":"closed","ping_status":"closed","template":"","meta":{"_acf_changed":false,"footnotes":""},"class_list":["post-32","page","type-page","status-publish","hentry"],"acf":[],"yoast_head":"<!-- This site is optimized with the Yoast SEO plugin v21.1 - https:\/\/yoast.com\/wordpress\/plugins\/seo\/ -->\n<title>Politique de confidentialit\u00e9 et conditions - Chocolat Le Meilleur au Monde\u00ae<\/title>\n<meta name=\"robots\" content=\"index, follow, max-snippet:-1, max-image-preview:large, max-video-preview:-1\" \/>\n<link rel=\"canonical\" href=\"https:\/\/www.worldsfinest.ca\/fr\/privacy-policy-and-terms-conditions\/\" \/>\n<meta property=\"og:locale\" content=\"fr_FR\" \/>\n<meta property=\"og:type\" content=\"article\" \/>\n<meta property=\"og:title\" content=\"Politique de confidentialit\u00e9 et conditions - Chocolat Le Meilleur au Monde\u00ae\" \/>\n<meta property=\"og:description\" content=\"(La protection de votre vie priv\u00e9e est tr\u00e8s importante pour Chocolat Le Meilleur au Monde\u00ae. Nous prenons tr\u00e8s au s\u00e9rieux la protection de vos renseignements personnels. Cette politique a pour but de vous aider \u00e0 comprendre comment nous recueillons, utilisons et enregistrons les renseignements que vous fournissez par le biais de notre site Web. COMMANDES [&hellip;]\" \/>\n<meta property=\"og:url\" content=\"https:\/\/www.worldsfinest.ca\/fr\/privacy-policy-and-terms-conditions\/\" \/>\n<meta property=\"og:site_name\" content=\"Chocolat Le Meilleur au Monde\u00ae\" \/>\n<meta property=\"article:modified_time\" content=\"2025-09-02T13:58:50+00:00\" \/>\n<meta name=\"twitter:card\" content=\"summary_large_image\" \/>\n<meta name=\"twitter:label1\" content=\"Est. reading time\" \/>\n\t<meta name=\"twitter:data1\" content=\"4 minutes\" \/>\n<script type=\"application\/ld+json\" class=\"yoast-schema-graph\">{\"@context\":\"https:\/\/schema.org\",\"@graph\":[{\"@type\":\"WebPage\",\"@id\":\"https:\/\/www.worldsfinest.ca\/fr\/privacy-policy-and-terms-conditions\/\",\"url\":\"https:\/\/www.worldsfinest.ca\/fr\/privacy-policy-and-terms-conditions\/\",\"name\":\"Politique de confidentialit\u00e9 et conditions - Chocolat Le Meilleur au Monde\u00ae\",\"isPartOf\":{\"@id\":\"https:\/\/www.worldsfinest.ca\/#website\"},\"datePublished\":\"2018-12-28T17:14:58+00:00\",\"dateModified\":\"2025-09-02T13:58:50+00:00\",\"breadcrumb\":{\"@id\":\"https:\/\/www.worldsfinest.ca\/fr\/privacy-policy-and-terms-conditions\/#breadcrumb\"},\"inLanguage\":\"fr-FR\",\"potentialAction\":[{\"@type\":\"ReadAction\",\"target\":[\"https:\/\/www.worldsfinest.ca\/fr\/privacy-policy-and-terms-conditions\/\"]}]},{\"@type\":\"BreadcrumbList\",\"@id\":\"https:\/\/www.worldsfinest.ca\/fr\/privacy-policy-and-terms-conditions\/#breadcrumb\",\"itemListElement\":[{\"@type\":\"ListItem\",\"position\":1,\"name\":\"Home\",\"item\":\"https:\/\/www.worldsfinest.ca\/fr\/\"},{\"@type\":\"ListItem\",\"position\":2,\"name\":\"Politique de confidentialit\u00e9 et conditions\"}]},{\"@type\":\"WebSite\",\"@id\":\"https:\/\/www.worldsfinest.ca\/#website\",\"url\":\"https:\/\/www.worldsfinest.ca\/\",\"name\":\"Chocolat Le Meilleur au Monde\u00ae\",\"description\":\"\",\"potentialAction\":[{\"@type\":\"SearchAction\",\"target\":{\"@type\":\"EntryPoint\",\"urlTemplate\":\"https:\/\/www.worldsfinest.ca\/?s={search_term_string}\"},\"query-input\":\"required name=search_term_string\"}],\"inLanguage\":\"fr-FR\"}]}<\/script>\n<!-- \/ Yoast SEO plugin. -->","yoast_head_json":{"title":"Politique de confidentialit\u00e9 et conditions - Chocolat Le Meilleur au Monde\u00ae","robots":{"index":"index","follow":"follow","max-snippet":"max-snippet:-1","max-image-preview":"max-image-preview:large","max-video-preview":"max-video-preview:-1"},"canonical":"https:\/\/www.worldsfinest.ca\/fr\/privacy-policy-and-terms-conditions\/","og_locale":"fr_FR","og_type":"article","og_title":"Politique de confidentialit\u00e9 et conditions - Chocolat Le Meilleur au Monde\u00ae","og_description":"(La protection de votre vie priv\u00e9e est tr\u00e8s importante pour Chocolat Le Meilleur au Monde\u00ae. Nous prenons tr\u00e8s au s\u00e9rieux la protection de vos renseignements personnels. Cette politique a pour but de vous aider \u00e0 comprendre comment nous recueillons, utilisons et enregistrons les renseignements que vous fournissez par le biais de notre site Web. COMMANDES [&hellip;]","og_url":"https:\/\/www.worldsfinest.ca\/fr\/privacy-policy-and-terms-conditions\/","og_site_name":"Chocolat Le Meilleur au Monde\u00ae","article_modified_time":"2025-09-02T13:58:50+00:00","twitter_card":"summary_large_image","twitter_misc":{"Est. reading time":"4 minutes"},"schema":{"@context":"https:\/\/schema.org","@graph":[{"@type":"WebPage","@id":"https:\/\/www.worldsfinest.ca\/fr\/privacy-policy-and-terms-conditions\/","url":"https:\/\/www.worldsfinest.ca\/fr\/privacy-policy-and-terms-conditions\/","name":"Politique de confidentialit\u00e9 et conditions - Chocolat Le Meilleur au Monde\u00ae","isPartOf":{"@id":"https:\/\/www.worldsfinest.ca\/#website"},"datePublished":"2018-12-28T17:14:58+00:00","dateModified":"2025-09-02T13:58:50+00:00","breadcrumb":{"@id":"https:\/\/www.worldsfinest.ca\/fr\/privacy-policy-and-terms-conditions\/#breadcrumb"},"inLanguage":"fr-FR","potentialAction":[{"@type":"ReadAction","target":["https:\/\/www.worldsfinest.ca\/fr\/privacy-policy-and-terms-conditions\/"]}]},{"@type":"BreadcrumbList","@id":"https:\/\/www.worldsfinest.ca\/fr\/privacy-policy-and-terms-conditions\/#breadcrumb","itemListElement":[{"@type":"ListItem","position":1,"name":"Home","item":"https:\/\/www.worldsfinest.ca\/fr\/"},{"@type":"ListItem","position":2,"name":"Politique de confidentialit\u00e9 et conditions"}]},{"@type":"WebSite","@id":"https:\/\/www.worldsfinest.ca\/#website","url":"https:\/\/www.worldsfinest.ca\/","name":"Chocolat Le Meilleur au Monde\u00ae","description":"","potentialAction":[{"@type":"SearchAction","target":{"@type":"EntryPoint","urlTemplate":"https:\/\/www.worldsfinest.ca\/?s={search_term_string}"},"query-input":"required name=search_term_string"}],"inLanguage":"fr-FR"}]}},"_links":{"self":[{"href":"https:\/\/www.worldsfinest.ca\/fr\/wp-json\/wp\/v2\/pages\/32","targetHints":{"allow":["GET"]}}],"collection":[{"href":"https:\/\/www.worldsfinest.ca\/fr\/wp-json\/wp\/v2\/pages"}],"about":[{"href":"https:\/\/www.worldsfinest.ca\/fr\/wp-json\/wp\/v2\/types\/page"}],"author":[{"embeddable":true,"href":"https:\/\/www.worldsfinest.ca\/fr\/wp-json\/wp\/v2\/users\/1"}],"replies":[{"embeddable":true,"href":"https:\/\/www.worldsfinest.ca\/fr\/wp-json\/wp\/v2\/comments?post=32"}],"version-history":[{"count":13,"href":"https:\/\/www.worldsfinest.ca\/fr\/wp-json\/wp\/v2\/pages\/32\/revisions"}],"predecessor-version":[{"id":14078,"href":"https:\/\/www.worldsfinest.ca\/fr\/wp-json\/wp\/v2\/pages\/32\/revisions\/14078"}],"wp:attachment":[{"href":"https:\/\/www.worldsfinest.ca\/fr\/wp-json\/wp\/v2\/media?parent=32"}],"curies":[{"name":"wp","href":"https:\/\/api.w.org\/{rel}","templated":true}]}}