{"id":13978,"date":"2025-07-08T15:59:09","date_gmt":"2025-07-08T19:59:09","guid":{"rendered":"https:\/\/www.worldsfinest.ca\/?post_type=product&#038;p=13978"},"modified":"2026-04-20T10:59:46","modified_gmt":"2026-04-20T14:59:46","slug":"selection-gourmet-a-3-sans-arachides-copy","status":"publish","type":"product","link":"https:\/\/www.worldsfinest.ca\/fr\/product\/selection-gourmet-a-3-sans-arachides-copy\/","title":{"rendered":"S\u00e9lection Gourmet \u00e0 3 $ &#8211; sans arachides"},"content":{"rendered":"<p>Chaque mallette contient un assortiment de produits pour campagne de financement, dont :<\/p>\n<p>12 Amandes Continental<br \/>\n6 Barres au chocolat au lait et amandes<br \/>\n6 Barres au caramel<br \/>\n6 Barres au chocolat au lait<\/p>\n<p>Num\u00e9ro de produit #75399<\/p>\n<p>* Les assortiments de produits peuvent \u00eatre modifi\u00e9s sans pr\u00e9avis.<\/p>\n","protected":false},"excerpt":{"rendered":"<p>Chaque mallette contient un assortiment de produits pour campagne de financement, dont : 12 Amandes Continental 6 Barres au chocolat au lait et amandes 6 Barres au caramel 6 Barres au chocolat au lait Num\u00e9ro de produit #75399 * Les assortiments de produits peuvent \u00eatre modifi\u00e9s sans pr\u00e9avis.<\/p>\n","protected":false},"featured_media":14292,"comment_status":"open","ping_status":"closed","template":"","meta":{"_acf_changed":false},"product_cat":[88,38,43,41,42,137,36],"product_tag":[133],"class_list":["post-13978","product","type-product","status-publish","has-post-thumbnail","hentry","product_cat-distance-campaign-fr","product_cat-chocolate-almonds-fr","product_cat-fundraising-fr","product_cat-variety-suitcases-fr","product_cat-3-dollar-products-fr","product_cat-produits-en-rabais","product_cat-peanut-free-fr","product_tag-ns-fr","product_shipping_class-standard-fr"],"acf":[],"yoast_head":"<!-- This site is optimized with the Yoast SEO plugin v21.1 - https:\/\/yoast.com\/wordpress\/plugins\/seo\/ -->\n<title>S\u00e9lection Gourmet \u00e0 3 $ - sans arachides - Chocolat Le Meilleur au Monde\u00ae<\/title>\n<meta name=\"robots\" content=\"index, follow, max-snippet:-1, max-image-preview:large, max-video-preview:-1\" \/>\n<link rel=\"canonical\" href=\"https:\/\/www.worldsfinest.ca\/fr\/product\/selection-gourmet-a-3-sans-arachides-copy\/\" \/>\n<meta property=\"og:locale\" content=\"fr_FR\" \/>\n<meta property=\"og:type\" content=\"article\" \/>\n<meta property=\"og:title\" content=\"S\u00e9lection Gourmet \u00e0 3 $ - sans arachides - Chocolat Le Meilleur au Monde\u00ae\" \/>\n<meta property=\"og:description\" content=\"Chaque mallette contient un assortiment de produits pour campagne de financement, dont : 12 Amandes Continental 6 Barres au chocolat au lait et amandes 6 Barres au caramel 6 Barres au chocolat au lait Num\u00e9ro de produit #75399 * Les assortiments de produits peuvent \u00eatre modifi\u00e9s sans pr\u00e9avis.\" \/>\n<meta property=\"og:url\" content=\"https:\/\/www.worldsfinest.ca\/fr\/product\/selection-gourmet-a-3-sans-arachides-copy\/\" \/>\n<meta property=\"og:site_name\" content=\"Chocolat Le Meilleur au Monde\u00ae\" \/>\n<meta property=\"article:modified_time\" content=\"2026-04-20T14:59:46+00:00\" \/>\n<meta property=\"og:image\" content=\"https:\/\/www.worldsfinest.ca\/wp-content\/uploads\/75399-Gourmet-2025.gif\" \/>\n\t<meta property=\"og:image:width\" content=\"618\" \/>\n\t<meta property=\"og:image:height\" content=\"618\" \/>\n\t<meta property=\"og:image:type\" content=\"image\/gif\" \/>\n<meta name=\"twitter:card\" content=\"summary_large_image\" \/>\n<meta name=\"twitter:label1\" content=\"Est. reading time\" \/>\n\t<meta name=\"twitter:data1\" content=\"1 minute\" \/>\n<script type=\"application\/ld+json\" class=\"yoast-schema-graph\">{\"@context\":\"https:\/\/schema.org\",\"@graph\":[{\"@type\":\"WebPage\",\"@id\":\"https:\/\/www.worldsfinest.ca\/fr\/product\/selection-gourmet-a-3-sans-arachides-copy\/\",\"url\":\"https:\/\/www.worldsfinest.ca\/fr\/product\/selection-gourmet-a-3-sans-arachides-copy\/\",\"name\":\"S\u00e9lection Gourmet \u00e0 3 $ - sans arachides - Chocolat Le Meilleur au Monde\u00ae\",\"isPartOf\":{\"@id\":\"https:\/\/www.worldsfinest.ca\/#website\"},\"datePublished\":\"2025-07-08T19:59:09+00:00\",\"dateModified\":\"2026-04-20T14:59:46+00:00\",\"breadcrumb\":{\"@id\":\"https:\/\/www.worldsfinest.ca\/fr\/product\/selection-gourmet-a-3-sans-arachides-copy\/#breadcrumb\"},\"inLanguage\":\"fr-FR\",\"potentialAction\":[{\"@type\":\"ReadAction\",\"target\":[\"https:\/\/www.worldsfinest.ca\/fr\/product\/selection-gourmet-a-3-sans-arachides-copy\/\"]}]},{\"@type\":\"BreadcrumbList\",\"@id\":\"https:\/\/www.worldsfinest.ca\/fr\/product\/selection-gourmet-a-3-sans-arachides-copy\/#breadcrumb\",\"itemListElement\":[{\"@type\":\"ListItem\",\"position\":1,\"name\":\"Home\",\"item\":\"https:\/\/www.worldsfinest.ca\/fr\/\"},{\"@type\":\"ListItem\",\"position\":2,\"name\":\"Products\",\"item\":\"https:\/\/www.worldsfinest.ca\/shop\/\"},{\"@type\":\"ListItem\",\"position\":3,\"name\":\"S\u00e9lection Gourmet \u00e0 3 $ &#8211; sans arachides\"}]},{\"@type\":\"WebSite\",\"@id\":\"https:\/\/www.worldsfinest.ca\/#website\",\"url\":\"https:\/\/www.worldsfinest.ca\/\",\"name\":\"Chocolat Le Meilleur au Monde\u00ae\",\"description\":\"\",\"potentialAction\":[{\"@type\":\"SearchAction\",\"target\":{\"@type\":\"EntryPoint\",\"urlTemplate\":\"https:\/\/www.worldsfinest.ca\/?s={search_term_string}\"},\"query-input\":\"required name=search_term_string\"}],\"inLanguage\":\"fr-FR\"}]}<\/script>\n<!-- \/ Yoast SEO plugin. -->","yoast_head_json":{"title":"S\u00e9lection Gourmet \u00e0 3 $ - sans arachides - Chocolat Le Meilleur au Monde\u00ae","robots":{"index":"index","follow":"follow","max-snippet":"max-snippet:-1","max-image-preview":"max-image-preview:large","max-video-preview":"max-video-preview:-1"},"canonical":"https:\/\/www.worldsfinest.ca\/fr\/product\/selection-gourmet-a-3-sans-arachides-copy\/","og_locale":"fr_FR","og_type":"article","og_title":"S\u00e9lection Gourmet \u00e0 3 $ - sans arachides - Chocolat Le Meilleur au Monde\u00ae","og_description":"Chaque mallette contient un assortiment de produits pour campagne de financement, dont : 12 Amandes Continental 6 Barres au chocolat au lait et amandes 6 Barres au caramel 6 Barres au chocolat au lait Num\u00e9ro de produit #75399 * Les assortiments de produits peuvent \u00eatre modifi\u00e9s sans pr\u00e9avis.","og_url":"https:\/\/www.worldsfinest.ca\/fr\/product\/selection-gourmet-a-3-sans-arachides-copy\/","og_site_name":"Chocolat Le Meilleur au Monde\u00ae","article_modified_time":"2026-04-20T14:59:46+00:00","og_image":[{"width":618,"height":618,"url":"https:\/\/www.worldsfinest.ca\/wp-content\/uploads\/75399-Gourmet-2025.gif","type":"image\/gif"}],"twitter_card":"summary_large_image","twitter_misc":{"Est. reading time":"1 minute"},"schema":{"@context":"https:\/\/schema.org","@graph":[{"@type":"WebPage","@id":"https:\/\/www.worldsfinest.ca\/fr\/product\/selection-gourmet-a-3-sans-arachides-copy\/","url":"https:\/\/www.worldsfinest.ca\/fr\/product\/selection-gourmet-a-3-sans-arachides-copy\/","name":"S\u00e9lection Gourmet \u00e0 3 $ - sans arachides - Chocolat Le Meilleur au Monde\u00ae","isPartOf":{"@id":"https:\/\/www.worldsfinest.ca\/#website"},"datePublished":"2025-07-08T19:59:09+00:00","dateModified":"2026-04-20T14:59:46+00:00","breadcrumb":{"@id":"https:\/\/www.worldsfinest.ca\/fr\/product\/selection-gourmet-a-3-sans-arachides-copy\/#breadcrumb"},"inLanguage":"fr-FR","potentialAction":[{"@type":"ReadAction","target":["https:\/\/www.worldsfinest.ca\/fr\/product\/selection-gourmet-a-3-sans-arachides-copy\/"]}]},{"@type":"BreadcrumbList","@id":"https:\/\/www.worldsfinest.ca\/fr\/product\/selection-gourmet-a-3-sans-arachides-copy\/#breadcrumb","itemListElement":[{"@type":"ListItem","position":1,"name":"Home","item":"https:\/\/www.worldsfinest.ca\/fr\/"},{"@type":"ListItem","position":2,"name":"Products","item":"https:\/\/www.worldsfinest.ca\/shop\/"},{"@type":"ListItem","position":3,"name":"S\u00e9lection Gourmet \u00e0 3 $ &#8211; sans arachides"}]},{"@type":"WebSite","@id":"https:\/\/www.worldsfinest.ca\/#website","url":"https:\/\/www.worldsfinest.ca\/","name":"Chocolat Le Meilleur au Monde\u00ae","description":"","potentialAction":[{"@type":"SearchAction","target":{"@type":"EntryPoint","urlTemplate":"https:\/\/www.worldsfinest.ca\/?s={search_term_string}"},"query-input":"required name=search_term_string"}],"inLanguage":"fr-FR"}]}},"_links":{"self":[{"href":"https:\/\/www.worldsfinest.ca\/fr\/wp-json\/wp\/v2\/product\/13978","targetHints":{"allow":["GET"]}}],"collection":[{"href":"https:\/\/www.worldsfinest.ca\/fr\/wp-json\/wp\/v2\/product"}],"about":[{"href":"https:\/\/www.worldsfinest.ca\/fr\/wp-json\/wp\/v2\/types\/product"}],"replies":[{"embeddable":true,"href":"https:\/\/www.worldsfinest.ca\/fr\/wp-json\/wp\/v2\/comments?post=13978"}],"wp:featuredmedia":[{"embeddable":true,"href":"https:\/\/www.worldsfinest.ca\/fr\/wp-json\/wp\/v2\/media\/14292"}],"wp:attachment":[{"href":"https:\/\/www.worldsfinest.ca\/fr\/wp-json\/wp\/v2\/media?parent=13978"}],"wp:term":[{"taxonomy":"product_cat","embeddable":true,"href":"https:\/\/www.worldsfinest.ca\/fr\/wp-json\/wp\/v2\/product_cat?post=13978"},{"taxonomy":"product_tag","embeddable":true,"href":"https:\/\/www.worldsfinest.ca\/fr\/wp-json\/wp\/v2\/product_tag?post=13978"}],"curies":[{"name":"wp","href":"https:\/\/api.w.org\/{rel}","templated":true}]}}