{"id":16196,"date":"2026-03-12T14:02:37","date_gmt":"2026-03-12T18:02:37","guid":{"rendered":"https:\/\/www.worldsfinest.ca\/?post_type=product&#038;p=16196"},"modified":"2026-04-10T13:13:32","modified_gmt":"2026-04-10T17:13:32","slug":"variete-de-barres-lam-sans-arachides-copy","status":"publish","type":"product","link":"https:\/\/www.worldsfinest.ca\/fr\/product\/variete-de-barres-lam-sans-arachides-copy\/","title":{"rendered":"Vari\u00e9t\u00e9 de barres LAM &#8211; sans arachides"},"content":{"rendered":"<p>Chaque mallette contient un assortiment de produits pour campagne de financement, dont :<\/p>\n<p>12 Barres au chocolat au lait et amandes<br \/>\n16 Barres au caramel<br \/>\n12 Barres au riz croustillant<\/p>\n<p>Num\u00e9ro de produit #81060<\/p>\n<p>* Les assortiments de produits peuvent \u00eatre modifi\u00e9s sans pr\u00e9avis.<\/p>\n","protected":false},"excerpt":{"rendered":"<p>Chaque mallette contient un assortiment de produits pour campagne de financement, dont : 12 Barres au chocolat au lait et amandes 16 Barres au caramel 12 Barres au riz croustillant Num\u00e9ro de produit #81060 * Les assortiments de produits peuvent \u00eatre modifi\u00e9s sans pr\u00e9avis.<\/p>\n","protected":false},"featured_media":14295,"comment_status":"open","ping_status":"closed","template":"","meta":{"_acf_changed":false},"product_cat":[88,43,41,125,117,40,36,64],"product_tag":[133],"class_list":["post-16196","product","type-product","status-publish","has-post-thumbnail","hentry","product_cat-distance-campaign-fr","product_cat-fundraising-fr","product_cat-variety-suitcases-fr","product_cat-nouveau-cet-automne-2025","product_cat-produits-lamontagne","product_cat-lamontagne-products-fr","product_cat-peanut-free-fr","product_cat-gluten-free-fr","product_tag-ns-fr","product_shipping_class-standard-fr"],"acf":[],"yoast_head":"<!-- This site is optimized with the Yoast SEO plugin v21.1 - https:\/\/yoast.com\/wordpress\/plugins\/seo\/ -->\n<title>Vari\u00e9t\u00e9 de barres LAM - sans arachides - Chocolat Le Meilleur au Monde\u00ae<\/title>\n<meta name=\"robots\" content=\"index, follow, max-snippet:-1, max-image-preview:large, max-video-preview:-1\" \/>\n<link rel=\"canonical\" href=\"https:\/\/www.worldsfinest.ca\/fr\/product\/variete-de-barres-lam-sans-arachides-copy\/\" \/>\n<meta property=\"og:locale\" content=\"fr_FR\" \/>\n<meta property=\"og:type\" content=\"article\" \/>\n<meta property=\"og:title\" content=\"Vari\u00e9t\u00e9 de barres LAM - sans arachides - Chocolat Le Meilleur au Monde\u00ae\" \/>\n<meta property=\"og:description\" content=\"Chaque mallette contient un assortiment de produits pour campagne de financement, dont : 12 Barres au chocolat au lait et amandes 16 Barres au caramel 12 Barres au riz croustillant Num\u00e9ro de produit #81060 * Les assortiments de produits peuvent \u00eatre modifi\u00e9s sans pr\u00e9avis.\" \/>\n<meta property=\"og:url\" content=\"https:\/\/www.worldsfinest.ca\/fr\/product\/variete-de-barres-lam-sans-arachides-copy\/\" \/>\n<meta property=\"og:site_name\" content=\"Chocolat Le Meilleur au Monde\u00ae\" \/>\n<meta property=\"article:modified_time\" content=\"2026-04-10T17:13:32+00:00\" \/>\n<meta property=\"og:image\" content=\"https:\/\/www.worldsfinest.ca\/wp-content\/uploads\/81060-Fall-2025.gif\" \/>\n\t<meta property=\"og:image:width\" content=\"637\" \/>\n\t<meta property=\"og:image:height\" content=\"637\" \/>\n\t<meta property=\"og:image:type\" content=\"image\/gif\" \/>\n<meta name=\"twitter:card\" content=\"summary_large_image\" \/>\n<meta name=\"twitter:label1\" content=\"Est. reading time\" \/>\n\t<meta name=\"twitter:data1\" content=\"1 minute\" \/>\n<script type=\"application\/ld+json\" class=\"yoast-schema-graph\">{\"@context\":\"https:\/\/schema.org\",\"@graph\":[{\"@type\":\"WebPage\",\"@id\":\"https:\/\/www.worldsfinest.ca\/fr\/product\/variete-de-barres-lam-sans-arachides-copy\/\",\"url\":\"https:\/\/www.worldsfinest.ca\/fr\/product\/variete-de-barres-lam-sans-arachides-copy\/\",\"name\":\"Vari\u00e9t\u00e9 de barres LAM - sans arachides - Chocolat Le Meilleur au Monde\u00ae\",\"isPartOf\":{\"@id\":\"https:\/\/www.worldsfinest.ca\/#website\"},\"datePublished\":\"2026-03-12T18:02:37+00:00\",\"dateModified\":\"2026-04-10T17:13:32+00:00\",\"breadcrumb\":{\"@id\":\"https:\/\/www.worldsfinest.ca\/fr\/product\/variete-de-barres-lam-sans-arachides-copy\/#breadcrumb\"},\"inLanguage\":\"fr-FR\",\"potentialAction\":[{\"@type\":\"ReadAction\",\"target\":[\"https:\/\/www.worldsfinest.ca\/fr\/product\/variete-de-barres-lam-sans-arachides-copy\/\"]}]},{\"@type\":\"BreadcrumbList\",\"@id\":\"https:\/\/www.worldsfinest.ca\/fr\/product\/variete-de-barres-lam-sans-arachides-copy\/#breadcrumb\",\"itemListElement\":[{\"@type\":\"ListItem\",\"position\":1,\"name\":\"Home\",\"item\":\"https:\/\/www.worldsfinest.ca\/fr\/\"},{\"@type\":\"ListItem\",\"position\":2,\"name\":\"Products\",\"item\":\"https:\/\/www.worldsfinest.ca\/shop\/\"},{\"@type\":\"ListItem\",\"position\":3,\"name\":\"Vari\u00e9t\u00e9 de barres LAM &#8211; sans arachides\"}]},{\"@type\":\"WebSite\",\"@id\":\"https:\/\/www.worldsfinest.ca\/#website\",\"url\":\"https:\/\/www.worldsfinest.ca\/\",\"name\":\"Chocolat Le Meilleur au Monde\u00ae\",\"description\":\"\",\"potentialAction\":[{\"@type\":\"SearchAction\",\"target\":{\"@type\":\"EntryPoint\",\"urlTemplate\":\"https:\/\/www.worldsfinest.ca\/?s={search_term_string}\"},\"query-input\":\"required name=search_term_string\"}],\"inLanguage\":\"fr-FR\"}]}<\/script>\n<!-- \/ Yoast SEO plugin. -->","yoast_head_json":{"title":"Vari\u00e9t\u00e9 de barres LAM - sans arachides - Chocolat Le Meilleur au Monde\u00ae","robots":{"index":"index","follow":"follow","max-snippet":"max-snippet:-1","max-image-preview":"max-image-preview:large","max-video-preview":"max-video-preview:-1"},"canonical":"https:\/\/www.worldsfinest.ca\/fr\/product\/variete-de-barres-lam-sans-arachides-copy\/","og_locale":"fr_FR","og_type":"article","og_title":"Vari\u00e9t\u00e9 de barres LAM - sans arachides - Chocolat Le Meilleur au Monde\u00ae","og_description":"Chaque mallette contient un assortiment de produits pour campagne de financement, dont : 12 Barres au chocolat au lait et amandes 16 Barres au caramel 12 Barres au riz croustillant Num\u00e9ro de produit #81060 * Les assortiments de produits peuvent \u00eatre modifi\u00e9s sans pr\u00e9avis.","og_url":"https:\/\/www.worldsfinest.ca\/fr\/product\/variete-de-barres-lam-sans-arachides-copy\/","og_site_name":"Chocolat Le Meilleur au Monde\u00ae","article_modified_time":"2026-04-10T17:13:32+00:00","og_image":[{"width":637,"height":637,"url":"https:\/\/www.worldsfinest.ca\/wp-content\/uploads\/81060-Fall-2025.gif","type":"image\/gif"}],"twitter_card":"summary_large_image","twitter_misc":{"Est. reading time":"1 minute"},"schema":{"@context":"https:\/\/schema.org","@graph":[{"@type":"WebPage","@id":"https:\/\/www.worldsfinest.ca\/fr\/product\/variete-de-barres-lam-sans-arachides-copy\/","url":"https:\/\/www.worldsfinest.ca\/fr\/product\/variete-de-barres-lam-sans-arachides-copy\/","name":"Vari\u00e9t\u00e9 de barres LAM - sans arachides - Chocolat Le Meilleur au Monde\u00ae","isPartOf":{"@id":"https:\/\/www.worldsfinest.ca\/#website"},"datePublished":"2026-03-12T18:02:37+00:00","dateModified":"2026-04-10T17:13:32+00:00","breadcrumb":{"@id":"https:\/\/www.worldsfinest.ca\/fr\/product\/variete-de-barres-lam-sans-arachides-copy\/#breadcrumb"},"inLanguage":"fr-FR","potentialAction":[{"@type":"ReadAction","target":["https:\/\/www.worldsfinest.ca\/fr\/product\/variete-de-barres-lam-sans-arachides-copy\/"]}]},{"@type":"BreadcrumbList","@id":"https:\/\/www.worldsfinest.ca\/fr\/product\/variete-de-barres-lam-sans-arachides-copy\/#breadcrumb","itemListElement":[{"@type":"ListItem","position":1,"name":"Home","item":"https:\/\/www.worldsfinest.ca\/fr\/"},{"@type":"ListItem","position":2,"name":"Products","item":"https:\/\/www.worldsfinest.ca\/shop\/"},{"@type":"ListItem","position":3,"name":"Vari\u00e9t\u00e9 de barres LAM &#8211; sans arachides"}]},{"@type":"WebSite","@id":"https:\/\/www.worldsfinest.ca\/#website","url":"https:\/\/www.worldsfinest.ca\/","name":"Chocolat Le Meilleur au Monde\u00ae","description":"","potentialAction":[{"@type":"SearchAction","target":{"@type":"EntryPoint","urlTemplate":"https:\/\/www.worldsfinest.ca\/?s={search_term_string}"},"query-input":"required name=search_term_string"}],"inLanguage":"fr-FR"}]}},"_links":{"self":[{"href":"https:\/\/www.worldsfinest.ca\/fr\/wp-json\/wp\/v2\/product\/16196","targetHints":{"allow":["GET"]}}],"collection":[{"href":"https:\/\/www.worldsfinest.ca\/fr\/wp-json\/wp\/v2\/product"}],"about":[{"href":"https:\/\/www.worldsfinest.ca\/fr\/wp-json\/wp\/v2\/types\/product"}],"replies":[{"embeddable":true,"href":"https:\/\/www.worldsfinest.ca\/fr\/wp-json\/wp\/v2\/comments?post=16196"}],"wp:featuredmedia":[{"embeddable":true,"href":"https:\/\/www.worldsfinest.ca\/fr\/wp-json\/wp\/v2\/media\/14295"}],"wp:attachment":[{"href":"https:\/\/www.worldsfinest.ca\/fr\/wp-json\/wp\/v2\/media?parent=16196"}],"wp:term":[{"taxonomy":"product_cat","embeddable":true,"href":"https:\/\/www.worldsfinest.ca\/fr\/wp-json\/wp\/v2\/product_cat?post=16196"},{"taxonomy":"product_tag","embeddable":true,"href":"https:\/\/www.worldsfinest.ca\/fr\/wp-json\/wp\/v2\/product_tag?post=16196"}],"curies":[{"name":"wp","href":"https:\/\/api.w.org\/{rel}","templated":true}]}}