{"id":1735,"date":"2019-02-14T20:18:10","date_gmt":"2019-02-14T20:18:10","guid":{"rendered":"https:\/\/www.worldsfinest.ca\/product\/caramel-whirls-1lb\/"},"modified":"2024-11-11T14:19:46","modified_gmt":"2024-11-11T19:19:46","slug":"caramel-whirls-1lb","status":"publish","type":"product","link":"https:\/\/www.worldsfinest.ca\/fr\/product\/caramel-whirls-1lb\/","title":{"rendered":"Caramel Whirls\u00ae &#8211; 454 g"},"content":{"rendered":"<p>Les Caramel Whirls\u00ae commence avec notre caramel cr\u00e9meux et sont entour\u00e9s d\u2019une coquille de chocolat au lait pour cr\u00e9er une gourmandise en bouch\u00e9e d\u00e9cadente. Chaque chocolat est emball\u00e9 individuellement avec du papier aluminium.<\/p>\n<p>Les Caramel Whirls\u00ae comptent parmi les chocolats de type gourmet les plus vendus de Chocolat Le Meilleur au Monde\u00ae. Offerts \u00e0 titre personnel ou professionnel, ces chocolats constituent le cadeau id\u00e9al et peuvent \u00eatre personnalis\u00e9s gratuitement. Contenant \u00e0 1 livre (454 g).<\/p>\n<p \/>\n<p>Num\u00e9ro de produit #79029C<\/p>\n<p \/>\n<p>Veuillez noter que la personnalisation des commandes cadeaux ne sont pas disponible en ce moment sur notre site.<\/p>\n<p>Pour de l\u2019assistance, s\u2019il vous pla\u00eet contacter notre bureau au 1-800-561-4389.<\/p>\n<p \/>\n","protected":false},"excerpt":{"rendered":"<p>Les Caramel Whirls\u00ae commence avec notre caramel cr\u00e9meux et sont entour\u00e9s d\u2019une coquille de chocolat au lait pour cr\u00e9er une gourmandise en bouch\u00e9e d\u00e9cadente. Chaque chocolat est emball\u00e9 individuellement avec du papier aluminium. Les Caramel Whirls\u00ae comptent parmi les chocolats de type gourmet les plus vendus de Chocolat Le Meilleur au Monde\u00ae. Offerts \u00e0 titre [&hellip;]<\/p>\n","protected":false},"featured_media":3947,"comment_status":"open","ping_status":"closed","template":"","meta":{"_acf_changed":false},"product_cat":[22],"product_tag":[],"class_list":["post-1735","product","type-product","status-publish","has-post-thumbnail","hentry","product_cat-22","product_shipping_class-service-de-courrier-fr"],"acf":[],"yoast_head":"<!-- This site is optimized with the Yoast SEO plugin v21.1 - https:\/\/yoast.com\/wordpress\/plugins\/seo\/ -->\n<title>Caramel Whirls\u00ae - 454 g - Chocolat Le Meilleur au Monde\u00ae<\/title>\n<meta name=\"robots\" content=\"index, follow, max-snippet:-1, max-image-preview:large, max-video-preview:-1\" \/>\n<link rel=\"canonical\" href=\"https:\/\/www.worldsfinest.ca\/fr\/product\/caramel-whirls-1lb\/\" \/>\n<meta property=\"og:locale\" content=\"fr_FR\" \/>\n<meta property=\"og:type\" content=\"article\" \/>\n<meta property=\"og:title\" content=\"Caramel Whirls\u00ae - 454 g - Chocolat Le Meilleur au Monde\u00ae\" \/>\n<meta property=\"og:description\" content=\"Les Caramel Whirls\u00ae commence avec notre caramel cr\u00e9meux et sont entour\u00e9s d\u2019une coquille de chocolat au lait pour cr\u00e9er une gourmandise en bouch\u00e9e d\u00e9cadente. Chaque chocolat est emball\u00e9 individuellement avec du papier aluminium. Les Caramel Whirls\u00ae comptent parmi les chocolats de type gourmet les plus vendus de Chocolat Le Meilleur au Monde\u00ae. Offerts \u00e0 titre [&hellip;]\" \/>\n<meta property=\"og:url\" content=\"https:\/\/www.worldsfinest.ca\/fr\/product\/caramel-whirls-1lb\/\" \/>\n<meta property=\"og:site_name\" content=\"Chocolat Le Meilleur au Monde\u00ae\" \/>\n<meta property=\"article:modified_time\" content=\"2024-11-11T19:19:46+00:00\" \/>\n<meta property=\"og:image\" content=\"https:\/\/www.worldsfinest.ca\/wp-content\/uploads\/79029-2020.png\" \/>\n\t<meta property=\"og:image:width\" content=\"400\" \/>\n\t<meta property=\"og:image:height\" content=\"400\" \/>\n\t<meta property=\"og:image:type\" content=\"image\/png\" \/>\n<meta name=\"twitter:card\" content=\"summary_large_image\" \/>\n<meta name=\"twitter:label1\" content=\"Est. reading time\" \/>\n\t<meta name=\"twitter:data1\" content=\"1 minute\" \/>\n<script type=\"application\/ld+json\" class=\"yoast-schema-graph\">{\"@context\":\"https:\/\/schema.org\",\"@graph\":[{\"@type\":\"WebPage\",\"@id\":\"https:\/\/www.worldsfinest.ca\/fr\/product\/caramel-whirls-1lb\/\",\"url\":\"https:\/\/www.worldsfinest.ca\/fr\/product\/caramel-whirls-1lb\/\",\"name\":\"Caramel Whirls\u00ae - 454 g - Chocolat Le Meilleur au Monde\u00ae\",\"isPartOf\":{\"@id\":\"https:\/\/www.worldsfinest.ca\/#website\"},\"datePublished\":\"2019-02-14T20:18:10+00:00\",\"dateModified\":\"2024-11-11T19:19:46+00:00\",\"breadcrumb\":{\"@id\":\"https:\/\/www.worldsfinest.ca\/fr\/product\/caramel-whirls-1lb\/#breadcrumb\"},\"inLanguage\":\"fr-FR\",\"potentialAction\":[{\"@type\":\"ReadAction\",\"target\":[\"https:\/\/www.worldsfinest.ca\/fr\/product\/caramel-whirls-1lb\/\"]}]},{\"@type\":\"BreadcrumbList\",\"@id\":\"https:\/\/www.worldsfinest.ca\/fr\/product\/caramel-whirls-1lb\/#breadcrumb\",\"itemListElement\":[{\"@type\":\"ListItem\",\"position\":1,\"name\":\"Home\",\"item\":\"https:\/\/www.worldsfinest.ca\/fr\/\"},{\"@type\":\"ListItem\",\"position\":2,\"name\":\"Products\",\"item\":\"https:\/\/www.worldsfinest.ca\/shop\/\"},{\"@type\":\"ListItem\",\"position\":3,\"name\":\"Caramel Whirls\u00ae &#8211; 454 g\"}]},{\"@type\":\"WebSite\",\"@id\":\"https:\/\/www.worldsfinest.ca\/#website\",\"url\":\"https:\/\/www.worldsfinest.ca\/\",\"name\":\"Chocolat Le Meilleur au Monde\u00ae\",\"description\":\"\",\"potentialAction\":[{\"@type\":\"SearchAction\",\"target\":{\"@type\":\"EntryPoint\",\"urlTemplate\":\"https:\/\/www.worldsfinest.ca\/?s={search_term_string}\"},\"query-input\":\"required name=search_term_string\"}],\"inLanguage\":\"fr-FR\"}]}<\/script>\n<!-- \/ Yoast SEO plugin. -->","yoast_head_json":{"title":"Caramel Whirls\u00ae - 454 g - Chocolat Le Meilleur au Monde\u00ae","robots":{"index":"index","follow":"follow","max-snippet":"max-snippet:-1","max-image-preview":"max-image-preview:large","max-video-preview":"max-video-preview:-1"},"canonical":"https:\/\/www.worldsfinest.ca\/fr\/product\/caramel-whirls-1lb\/","og_locale":"fr_FR","og_type":"article","og_title":"Caramel Whirls\u00ae - 454 g - Chocolat Le Meilleur au Monde\u00ae","og_description":"Les Caramel Whirls\u00ae commence avec notre caramel cr\u00e9meux et sont entour\u00e9s d\u2019une coquille de chocolat au lait pour cr\u00e9er une gourmandise en bouch\u00e9e d\u00e9cadente. Chaque chocolat est emball\u00e9 individuellement avec du papier aluminium. Les Caramel Whirls\u00ae comptent parmi les chocolats de type gourmet les plus vendus de Chocolat Le Meilleur au Monde\u00ae. Offerts \u00e0 titre [&hellip;]","og_url":"https:\/\/www.worldsfinest.ca\/fr\/product\/caramel-whirls-1lb\/","og_site_name":"Chocolat Le Meilleur au Monde\u00ae","article_modified_time":"2024-11-11T19:19:46+00:00","og_image":[{"width":400,"height":400,"url":"https:\/\/www.worldsfinest.ca\/wp-content\/uploads\/79029-2020.png","type":"image\/png"}],"twitter_card":"summary_large_image","twitter_misc":{"Est. reading time":"1 minute"},"schema":{"@context":"https:\/\/schema.org","@graph":[{"@type":"WebPage","@id":"https:\/\/www.worldsfinest.ca\/fr\/product\/caramel-whirls-1lb\/","url":"https:\/\/www.worldsfinest.ca\/fr\/product\/caramel-whirls-1lb\/","name":"Caramel Whirls\u00ae - 454 g - Chocolat Le Meilleur au Monde\u00ae","isPartOf":{"@id":"https:\/\/www.worldsfinest.ca\/#website"},"datePublished":"2019-02-14T20:18:10+00:00","dateModified":"2024-11-11T19:19:46+00:00","breadcrumb":{"@id":"https:\/\/www.worldsfinest.ca\/fr\/product\/caramel-whirls-1lb\/#breadcrumb"},"inLanguage":"fr-FR","potentialAction":[{"@type":"ReadAction","target":["https:\/\/www.worldsfinest.ca\/fr\/product\/caramel-whirls-1lb\/"]}]},{"@type":"BreadcrumbList","@id":"https:\/\/www.worldsfinest.ca\/fr\/product\/caramel-whirls-1lb\/#breadcrumb","itemListElement":[{"@type":"ListItem","position":1,"name":"Home","item":"https:\/\/www.worldsfinest.ca\/fr\/"},{"@type":"ListItem","position":2,"name":"Products","item":"https:\/\/www.worldsfinest.ca\/shop\/"},{"@type":"ListItem","position":3,"name":"Caramel Whirls\u00ae &#8211; 454 g"}]},{"@type":"WebSite","@id":"https:\/\/www.worldsfinest.ca\/#website","url":"https:\/\/www.worldsfinest.ca\/","name":"Chocolat Le Meilleur au Monde\u00ae","description":"","potentialAction":[{"@type":"SearchAction","target":{"@type":"EntryPoint","urlTemplate":"https:\/\/www.worldsfinest.ca\/?s={search_term_string}"},"query-input":"required name=search_term_string"}],"inLanguage":"fr-FR"}]}},"_links":{"self":[{"href":"https:\/\/www.worldsfinest.ca\/fr\/wp-json\/wp\/v2\/product\/1735","targetHints":{"allow":["GET"]}}],"collection":[{"href":"https:\/\/www.worldsfinest.ca\/fr\/wp-json\/wp\/v2\/product"}],"about":[{"href":"https:\/\/www.worldsfinest.ca\/fr\/wp-json\/wp\/v2\/types\/product"}],"replies":[{"embeddable":true,"href":"https:\/\/www.worldsfinest.ca\/fr\/wp-json\/wp\/v2\/comments?post=1735"}],"wp:featuredmedia":[{"embeddable":true,"href":"https:\/\/www.worldsfinest.ca\/fr\/wp-json\/wp\/v2\/media\/3947"}],"wp:attachment":[{"href":"https:\/\/www.worldsfinest.ca\/fr\/wp-json\/wp\/v2\/media?parent=1735"}],"wp:term":[{"taxonomy":"product_cat","embeddable":true,"href":"https:\/\/www.worldsfinest.ca\/fr\/wp-json\/wp\/v2\/product_cat?post=1735"},{"taxonomy":"product_tag","embeddable":true,"href":"https:\/\/www.worldsfinest.ca\/fr\/wp-json\/wp\/v2\/product_tag?post=1735"}],"curies":[{"name":"wp","href":"https:\/\/api.w.org\/{rel}","templated":true}]}}