{"id":1737,"date":"2019-02-14T20:15:49","date_gmt":"2019-02-14T20:15:49","guid":{"rendered":"https:\/\/www.worldsfinest.ca\/product\/continental-almonds-75031\/"},"modified":"2020-08-06T12:52:58","modified_gmt":"2020-08-06T16:52:58","slug":"continental-almonds-2lb","status":"publish","type":"product","link":"https:\/\/www.worldsfinest.ca\/fr\/product\/continental-almonds-2lb\/","title":{"rendered":"Amandes Continental &#8211; 907 g"},"content":{"rendered":"<p>Doublez votre plaisir avec cet ensemble-cadeau de 907 g d&#8217;amandes au Chocolat Le Meilleur au Monde\u00ae. Une seule ne suffit pas!<\/p>\n<p>\u00c0 personnaliser gratuitement avec le nom de votre destinataire, une photo, le nom de l&#8217;exp\u00e9diteur ou le logo de votre entreprise.<\/p>\n<p>Num\u00e9ro de produit #75031<\/p>\n<p>Veuillez noter que la personnalisation des commandes cadeaux ne sont pas disponible en ce moment sur notre site.<\/p>\n<p>Pour de l\u2019assistance, s\u2019il vous pla\u00eet contacter notre bureau au 1-800-561-4389.<\/p>\n","protected":false},"excerpt":{"rendered":"<p>Doublez votre plaisir avec cet ensemble-cadeau de 907 g d&#8217;amandes au Chocolat Le Meilleur au Monde\u00ae. Une seule ne suffit pas! \u00c0 personnaliser gratuitement avec le nom de votre destinataire, une photo, le nom de l&#8217;exp\u00e9diteur ou le logo de votre entreprise. Num\u00e9ro de produit #75031 Veuillez noter que la personnalisation des commandes cadeaux ne [&hellip;]<\/p>\n","protected":false},"featured_media":4428,"comment_status":"open","ping_status":"closed","template":"","meta":{"_acf_changed":false},"product_cat":[22],"product_tag":[],"class_list":["post-1737","product","type-product","status-publish","has-post-thumbnail","hentry","product_cat-22","product_shipping_class-service-de-courrier-fr"],"acf":[],"yoast_head":"<!-- This site is optimized with the Yoast SEO plugin v21.1 - https:\/\/yoast.com\/wordpress\/plugins\/seo\/ -->\n<title>Amandes Continental - 907 g - Chocolat Le Meilleur au Monde\u00ae<\/title>\n<meta name=\"robots\" content=\"index, follow, max-snippet:-1, max-image-preview:large, max-video-preview:-1\" \/>\n<link rel=\"canonical\" href=\"https:\/\/www.worldsfinest.ca\/fr\/product\/continental-almonds-2lb\/\" \/>\n<meta property=\"og:locale\" content=\"fr_FR\" \/>\n<meta property=\"og:type\" content=\"article\" \/>\n<meta property=\"og:title\" content=\"Amandes Continental - 907 g - Chocolat Le Meilleur au Monde\u00ae\" \/>\n<meta property=\"og:description\" content=\"Doublez votre plaisir avec cet ensemble-cadeau de 907 g d&#8217;amandes au Chocolat Le Meilleur au Monde\u00ae. Une seule ne suffit pas! \u00c0 personnaliser gratuitement avec le nom de votre destinataire, une photo, le nom de l&#8217;exp\u00e9diteur ou le logo de votre entreprise. Num\u00e9ro de produit #75031 Veuillez noter que la personnalisation des commandes cadeaux ne [&hellip;]\" \/>\n<meta property=\"og:url\" content=\"https:\/\/www.worldsfinest.ca\/fr\/product\/continental-almonds-2lb\/\" \/>\n<meta property=\"og:site_name\" content=\"Chocolat Le Meilleur au Monde\u00ae\" \/>\n<meta property=\"article:modified_time\" content=\"2020-08-06T16:52:58+00:00\" \/>\n<meta property=\"og:image\" content=\"https:\/\/www.worldsfinest.ca\/wp-content\/uploads\/75032-2020-2.png\" \/>\n\t<meta property=\"og:image:width\" content=\"400\" \/>\n\t<meta property=\"og:image:height\" content=\"400\" \/>\n\t<meta property=\"og:image:type\" content=\"image\/png\" \/>\n<meta name=\"twitter:card\" content=\"summary_large_image\" \/>\n<script type=\"application\/ld+json\" class=\"yoast-schema-graph\">{\"@context\":\"https:\/\/schema.org\",\"@graph\":[{\"@type\":\"WebPage\",\"@id\":\"https:\/\/www.worldsfinest.ca\/fr\/product\/continental-almonds-2lb\/\",\"url\":\"https:\/\/www.worldsfinest.ca\/fr\/product\/continental-almonds-2lb\/\",\"name\":\"Amandes Continental - 907 g - Chocolat Le Meilleur au Monde\u00ae\",\"isPartOf\":{\"@id\":\"https:\/\/www.worldsfinest.ca\/#website\"},\"datePublished\":\"2019-02-14T20:15:49+00:00\",\"dateModified\":\"2020-08-06T16:52:58+00:00\",\"breadcrumb\":{\"@id\":\"https:\/\/www.worldsfinest.ca\/fr\/product\/continental-almonds-2lb\/#breadcrumb\"},\"inLanguage\":\"fr-FR\",\"potentialAction\":[{\"@type\":\"ReadAction\",\"target\":[\"https:\/\/www.worldsfinest.ca\/fr\/product\/continental-almonds-2lb\/\"]}]},{\"@type\":\"BreadcrumbList\",\"@id\":\"https:\/\/www.worldsfinest.ca\/fr\/product\/continental-almonds-2lb\/#breadcrumb\",\"itemListElement\":[{\"@type\":\"ListItem\",\"position\":1,\"name\":\"Home\",\"item\":\"https:\/\/www.worldsfinest.ca\/fr\/\"},{\"@type\":\"ListItem\",\"position\":2,\"name\":\"Products\",\"item\":\"https:\/\/www.worldsfinest.ca\/shop\/\"},{\"@type\":\"ListItem\",\"position\":3,\"name\":\"Amandes Continental &#8211; 907 g\"}]},{\"@type\":\"WebSite\",\"@id\":\"https:\/\/www.worldsfinest.ca\/#website\",\"url\":\"https:\/\/www.worldsfinest.ca\/\",\"name\":\"Chocolat Le Meilleur au Monde\u00ae\",\"description\":\"\",\"potentialAction\":[{\"@type\":\"SearchAction\",\"target\":{\"@type\":\"EntryPoint\",\"urlTemplate\":\"https:\/\/www.worldsfinest.ca\/?s={search_term_string}\"},\"query-input\":\"required name=search_term_string\"}],\"inLanguage\":\"fr-FR\"}]}<\/script>\n<!-- \/ Yoast SEO plugin. -->","yoast_head_json":{"title":"Amandes Continental - 907 g - Chocolat Le Meilleur au Monde\u00ae","robots":{"index":"index","follow":"follow","max-snippet":"max-snippet:-1","max-image-preview":"max-image-preview:large","max-video-preview":"max-video-preview:-1"},"canonical":"https:\/\/www.worldsfinest.ca\/fr\/product\/continental-almonds-2lb\/","og_locale":"fr_FR","og_type":"article","og_title":"Amandes Continental - 907 g - Chocolat Le Meilleur au Monde\u00ae","og_description":"Doublez votre plaisir avec cet ensemble-cadeau de 907 g d&#8217;amandes au Chocolat Le Meilleur au Monde\u00ae. Une seule ne suffit pas! \u00c0 personnaliser gratuitement avec le nom de votre destinataire, une photo, le nom de l&#8217;exp\u00e9diteur ou le logo de votre entreprise. Num\u00e9ro de produit #75031 Veuillez noter que la personnalisation des commandes cadeaux ne [&hellip;]","og_url":"https:\/\/www.worldsfinest.ca\/fr\/product\/continental-almonds-2lb\/","og_site_name":"Chocolat Le Meilleur au Monde\u00ae","article_modified_time":"2020-08-06T16:52:58+00:00","og_image":[{"width":400,"height":400,"url":"https:\/\/www.worldsfinest.ca\/wp-content\/uploads\/75032-2020-2.png","type":"image\/png"}],"twitter_card":"summary_large_image","schema":{"@context":"https:\/\/schema.org","@graph":[{"@type":"WebPage","@id":"https:\/\/www.worldsfinest.ca\/fr\/product\/continental-almonds-2lb\/","url":"https:\/\/www.worldsfinest.ca\/fr\/product\/continental-almonds-2lb\/","name":"Amandes Continental - 907 g - Chocolat Le Meilleur au Monde\u00ae","isPartOf":{"@id":"https:\/\/www.worldsfinest.ca\/#website"},"datePublished":"2019-02-14T20:15:49+00:00","dateModified":"2020-08-06T16:52:58+00:00","breadcrumb":{"@id":"https:\/\/www.worldsfinest.ca\/fr\/product\/continental-almonds-2lb\/#breadcrumb"},"inLanguage":"fr-FR","potentialAction":[{"@type":"ReadAction","target":["https:\/\/www.worldsfinest.ca\/fr\/product\/continental-almonds-2lb\/"]}]},{"@type":"BreadcrumbList","@id":"https:\/\/www.worldsfinest.ca\/fr\/product\/continental-almonds-2lb\/#breadcrumb","itemListElement":[{"@type":"ListItem","position":1,"name":"Home","item":"https:\/\/www.worldsfinest.ca\/fr\/"},{"@type":"ListItem","position":2,"name":"Products","item":"https:\/\/www.worldsfinest.ca\/shop\/"},{"@type":"ListItem","position":3,"name":"Amandes Continental &#8211; 907 g"}]},{"@type":"WebSite","@id":"https:\/\/www.worldsfinest.ca\/#website","url":"https:\/\/www.worldsfinest.ca\/","name":"Chocolat Le Meilleur au Monde\u00ae","description":"","potentialAction":[{"@type":"SearchAction","target":{"@type":"EntryPoint","urlTemplate":"https:\/\/www.worldsfinest.ca\/?s={search_term_string}"},"query-input":"required name=search_term_string"}],"inLanguage":"fr-FR"}]}},"_links":{"self":[{"href":"https:\/\/www.worldsfinest.ca\/fr\/wp-json\/wp\/v2\/product\/1737","targetHints":{"allow":["GET"]}}],"collection":[{"href":"https:\/\/www.worldsfinest.ca\/fr\/wp-json\/wp\/v2\/product"}],"about":[{"href":"https:\/\/www.worldsfinest.ca\/fr\/wp-json\/wp\/v2\/types\/product"}],"replies":[{"embeddable":true,"href":"https:\/\/www.worldsfinest.ca\/fr\/wp-json\/wp\/v2\/comments?post=1737"}],"wp:featuredmedia":[{"embeddable":true,"href":"https:\/\/www.worldsfinest.ca\/fr\/wp-json\/wp\/v2\/media\/4428"}],"wp:attachment":[{"href":"https:\/\/www.worldsfinest.ca\/fr\/wp-json\/wp\/v2\/media?parent=1737"}],"wp:term":[{"taxonomy":"product_cat","embeddable":true,"href":"https:\/\/www.worldsfinest.ca\/fr\/wp-json\/wp\/v2\/product_cat?post=1737"},{"taxonomy":"product_tag","embeddable":true,"href":"https:\/\/www.worldsfinest.ca\/fr\/wp-json\/wp\/v2\/product_tag?post=1737"}],"curies":[{"name":"wp","href":"https:\/\/api.w.org\/{rel}","templated":true}]}}