{"id":1740,"date":"2019-02-14T20:13:36","date_gmt":"2019-02-14T20:13:36","guid":{"rendered":"https:\/\/www.worldsfinest.ca\/product\/thank-you-box-gift-set\/"},"modified":"2021-10-06T12:34:36","modified_gmt":"2021-10-06T16:34:36","slug":"thank-you-box-gift-set","status":"publish","type":"product","link":"https:\/\/www.worldsfinest.ca\/fr\/product\/thank-you-box-gift-set\/","title":{"rendered":"Coffret-cadeau de remerciement"},"content":{"rendered":"<p>Dites merci avec du chocolat! Ce coffret-cadeau souligne \u00e0 quel point vous les appr\u00e9ciez.<\/p>\n<p>Contenu : tablettes aux amandes, au lait OU au caramel (2 x 37 g), amandes Continental (64 g), raisins secs enrob\u00e9s de chocolat (80 g) et assortiment de chocolats emball\u00e9s individuellement.<\/p>\n<p>* Les produits peuvent varier selon la disponibilit\u00e9<\/p>\n<p>Num\u00e9ro de produit #75242<\/p>\n","protected":false},"excerpt":{"rendered":"<p>Dites merci avec du chocolat! Ce coffret-cadeau souligne \u00e0 quel point vous les appr\u00e9ciez. Contenu : tablettes aux amandes, au lait OU au caramel (2 x 37 g), amandes Continental (64 g), raisins secs enrob\u00e9s de chocolat (80 g) et assortiment de chocolats emball\u00e9s individuellement. * Les produits peuvent varier selon la disponibilit\u00e9 Num\u00e9ro de [&hellip;]<\/p>\n","protected":false},"featured_media":4042,"comment_status":"open","ping_status":"closed","template":"","meta":{"_acf_changed":false},"product_cat":[22],"product_tag":[],"class_list":["post-1740","product","type-product","status-publish","has-post-thumbnail","hentry","product_cat-22","product_shipping_class-service-de-courrier-fr"],"acf":[],"yoast_head":"<!-- This site is optimized with the Yoast SEO plugin v21.1 - https:\/\/yoast.com\/wordpress\/plugins\/seo\/ -->\n<title>Coffret-cadeau de remerciement - Chocolat Le Meilleur au Monde\u00ae<\/title>\n<meta name=\"robots\" content=\"index, follow, max-snippet:-1, max-image-preview:large, max-video-preview:-1\" \/>\n<link rel=\"canonical\" href=\"https:\/\/www.worldsfinest.ca\/fr\/product\/thank-you-box-gift-set\/\" \/>\n<meta property=\"og:locale\" content=\"fr_FR\" \/>\n<meta property=\"og:type\" content=\"article\" \/>\n<meta property=\"og:title\" content=\"Coffret-cadeau de remerciement - Chocolat Le Meilleur au Monde\u00ae\" \/>\n<meta property=\"og:description\" content=\"Dites merci avec du chocolat! Ce coffret-cadeau souligne \u00e0 quel point vous les appr\u00e9ciez. Contenu : tablettes aux amandes, au lait OU au caramel (2 x 37 g), amandes Continental (64 g), raisins secs enrob\u00e9s de chocolat (80 g) et assortiment de chocolats emball\u00e9s individuellement. * Les produits peuvent varier selon la disponibilit\u00e9 Num\u00e9ro de [&hellip;]\" \/>\n<meta property=\"og:url\" content=\"https:\/\/www.worldsfinest.ca\/fr\/product\/thank-you-box-gift-set\/\" \/>\n<meta property=\"og:site_name\" content=\"Chocolat Le Meilleur au Monde\u00ae\" \/>\n<meta property=\"article:modified_time\" content=\"2021-10-06T16:34:36+00:00\" \/>\n<meta property=\"og:image\" content=\"https:\/\/www.worldsfinest.ca\/wp-content\/uploads\/75242-2020-1.png\" \/>\n\t<meta property=\"og:image:width\" content=\"400\" \/>\n\t<meta property=\"og:image:height\" content=\"400\" \/>\n\t<meta property=\"og:image:type\" content=\"image\/png\" \/>\n<meta name=\"twitter:card\" content=\"summary_large_image\" \/>\n<script type=\"application\/ld+json\" class=\"yoast-schema-graph\">{\"@context\":\"https:\/\/schema.org\",\"@graph\":[{\"@type\":\"WebPage\",\"@id\":\"https:\/\/www.worldsfinest.ca\/fr\/product\/thank-you-box-gift-set\/\",\"url\":\"https:\/\/www.worldsfinest.ca\/fr\/product\/thank-you-box-gift-set\/\",\"name\":\"Coffret-cadeau de remerciement - Chocolat Le Meilleur au Monde\u00ae\",\"isPartOf\":{\"@id\":\"https:\/\/www.worldsfinest.ca\/#website\"},\"datePublished\":\"2019-02-14T20:13:36+00:00\",\"dateModified\":\"2021-10-06T16:34:36+00:00\",\"breadcrumb\":{\"@id\":\"https:\/\/www.worldsfinest.ca\/fr\/product\/thank-you-box-gift-set\/#breadcrumb\"},\"inLanguage\":\"fr-FR\",\"potentialAction\":[{\"@type\":\"ReadAction\",\"target\":[\"https:\/\/www.worldsfinest.ca\/fr\/product\/thank-you-box-gift-set\/\"]}]},{\"@type\":\"BreadcrumbList\",\"@id\":\"https:\/\/www.worldsfinest.ca\/fr\/product\/thank-you-box-gift-set\/#breadcrumb\",\"itemListElement\":[{\"@type\":\"ListItem\",\"position\":1,\"name\":\"Home\",\"item\":\"https:\/\/www.worldsfinest.ca\/fr\/\"},{\"@type\":\"ListItem\",\"position\":2,\"name\":\"Products\",\"item\":\"https:\/\/www.worldsfinest.ca\/shop\/\"},{\"@type\":\"ListItem\",\"position\":3,\"name\":\"Coffret-cadeau de remerciement\"}]},{\"@type\":\"WebSite\",\"@id\":\"https:\/\/www.worldsfinest.ca\/#website\",\"url\":\"https:\/\/www.worldsfinest.ca\/\",\"name\":\"Chocolat Le Meilleur au Monde\u00ae\",\"description\":\"\",\"potentialAction\":[{\"@type\":\"SearchAction\",\"target\":{\"@type\":\"EntryPoint\",\"urlTemplate\":\"https:\/\/www.worldsfinest.ca\/?s={search_term_string}\"},\"query-input\":\"required name=search_term_string\"}],\"inLanguage\":\"fr-FR\"}]}<\/script>\n<!-- \/ Yoast SEO plugin. -->","yoast_head_json":{"title":"Coffret-cadeau de remerciement - Chocolat Le Meilleur au Monde\u00ae","robots":{"index":"index","follow":"follow","max-snippet":"max-snippet:-1","max-image-preview":"max-image-preview:large","max-video-preview":"max-video-preview:-1"},"canonical":"https:\/\/www.worldsfinest.ca\/fr\/product\/thank-you-box-gift-set\/","og_locale":"fr_FR","og_type":"article","og_title":"Coffret-cadeau de remerciement - Chocolat Le Meilleur au Monde\u00ae","og_description":"Dites merci avec du chocolat! Ce coffret-cadeau souligne \u00e0 quel point vous les appr\u00e9ciez. Contenu : tablettes aux amandes, au lait OU au caramel (2 x 37 g), amandes Continental (64 g), raisins secs enrob\u00e9s de chocolat (80 g) et assortiment de chocolats emball\u00e9s individuellement. * Les produits peuvent varier selon la disponibilit\u00e9 Num\u00e9ro de [&hellip;]","og_url":"https:\/\/www.worldsfinest.ca\/fr\/product\/thank-you-box-gift-set\/","og_site_name":"Chocolat Le Meilleur au Monde\u00ae","article_modified_time":"2021-10-06T16:34:36+00:00","og_image":[{"width":400,"height":400,"url":"https:\/\/www.worldsfinest.ca\/wp-content\/uploads\/75242-2020-1.png","type":"image\/png"}],"twitter_card":"summary_large_image","schema":{"@context":"https:\/\/schema.org","@graph":[{"@type":"WebPage","@id":"https:\/\/www.worldsfinest.ca\/fr\/product\/thank-you-box-gift-set\/","url":"https:\/\/www.worldsfinest.ca\/fr\/product\/thank-you-box-gift-set\/","name":"Coffret-cadeau de remerciement - Chocolat Le Meilleur au Monde\u00ae","isPartOf":{"@id":"https:\/\/www.worldsfinest.ca\/#website"},"datePublished":"2019-02-14T20:13:36+00:00","dateModified":"2021-10-06T16:34:36+00:00","breadcrumb":{"@id":"https:\/\/www.worldsfinest.ca\/fr\/product\/thank-you-box-gift-set\/#breadcrumb"},"inLanguage":"fr-FR","potentialAction":[{"@type":"ReadAction","target":["https:\/\/www.worldsfinest.ca\/fr\/product\/thank-you-box-gift-set\/"]}]},{"@type":"BreadcrumbList","@id":"https:\/\/www.worldsfinest.ca\/fr\/product\/thank-you-box-gift-set\/#breadcrumb","itemListElement":[{"@type":"ListItem","position":1,"name":"Home","item":"https:\/\/www.worldsfinest.ca\/fr\/"},{"@type":"ListItem","position":2,"name":"Products","item":"https:\/\/www.worldsfinest.ca\/shop\/"},{"@type":"ListItem","position":3,"name":"Coffret-cadeau de remerciement"}]},{"@type":"WebSite","@id":"https:\/\/www.worldsfinest.ca\/#website","url":"https:\/\/www.worldsfinest.ca\/","name":"Chocolat Le Meilleur au Monde\u00ae","description":"","potentialAction":[{"@type":"SearchAction","target":{"@type":"EntryPoint","urlTemplate":"https:\/\/www.worldsfinest.ca\/?s={search_term_string}"},"query-input":"required name=search_term_string"}],"inLanguage":"fr-FR"}]}},"_links":{"self":[{"href":"https:\/\/www.worldsfinest.ca\/fr\/wp-json\/wp\/v2\/product\/1740","targetHints":{"allow":["GET"]}}],"collection":[{"href":"https:\/\/www.worldsfinest.ca\/fr\/wp-json\/wp\/v2\/product"}],"about":[{"href":"https:\/\/www.worldsfinest.ca\/fr\/wp-json\/wp\/v2\/types\/product"}],"replies":[{"embeddable":true,"href":"https:\/\/www.worldsfinest.ca\/fr\/wp-json\/wp\/v2\/comments?post=1740"}],"wp:featuredmedia":[{"embeddable":true,"href":"https:\/\/www.worldsfinest.ca\/fr\/wp-json\/wp\/v2\/media\/4042"}],"wp:attachment":[{"href":"https:\/\/www.worldsfinest.ca\/fr\/wp-json\/wp\/v2\/media?parent=1740"}],"wp:term":[{"taxonomy":"product_cat","embeddable":true,"href":"https:\/\/www.worldsfinest.ca\/fr\/wp-json\/wp\/v2\/product_cat?post=1740"},{"taxonomy":"product_tag","embeddable":true,"href":"https:\/\/www.worldsfinest.ca\/fr\/wp-json\/wp\/v2\/product_tag?post=1740"}],"curies":[{"name":"wp","href":"https:\/\/api.w.org\/{rel}","templated":true}]}}