{"id":3994,"date":"2020-09-16T18:04:30","date_gmt":"2020-09-16T22:04:30","guid":{"rendered":"https:\/\/www.worldsfinest.ca\/?post_type=product&#038;p=3994"},"modified":"2024-10-08T09:49:37","modified_gmt":"2024-10-08T13:49:37","slug":"bouchees-aux-noix-de-coco-et-chocolat-noir","status":"publish","type":"product","link":"https:\/\/www.worldsfinest.ca\/fr\/product\/bouchees-aux-noix-de-coco-et-chocolat-noir\/","title":{"rendered":"Bouch\u00e9es aux noix de coco et chocolat noir (Rupture de stock)"},"content":{"rendered":"<p>Notre garniture cr\u00e9meuse \u00e0 la noix de coco est enrob\u00e9e d\u2019une riche coquille de chocolat noir. Emball\u00e9s individuellement et parfaits pour le partage, nos Coconut Whirls\u00ae sont fabriqu\u00e9s avec un m\u00e9lange exclusif d\u2019ingr\u00e9dients de premi\u00e8re qualit\u00e9 que les amateurs de chocolat adoreront! Environ 73 morceaux. Poids net\u00a0: 1 livre<\/p>\n<p>&nbsp;<\/p>\n<p>No. du produit: 73049<\/p>\n","protected":false},"excerpt":{"rendered":"<p>Notre garniture cr\u00e9meuse \u00e0 la noix de coco est enrob\u00e9e d\u2019une riche coquille de chocolat noir. Emball\u00e9s individuellement et parfaits pour le partage, nos Coconut Whirls\u00ae sont fabriqu\u00e9s avec un m\u00e9lange exclusif d\u2019ingr\u00e9dients de premi\u00e8re qualit\u00e9 que les amateurs de chocolat adoreront! Environ 73 morceaux. Poids net\u00a0: 1 livre &nbsp; No. du produit: 73049<\/p>\n","protected":false},"featured_media":3996,"comment_status":"open","ping_status":"closed","template":"","meta":{"_acf_changed":false},"product_cat":[83],"product_tag":[],"class_list":["post-3994","product","type-product","status-publish","has-post-thumbnail","hentry","product_cat-vrac","product_shipping_class-service-de-courrier-fr"],"acf":[],"yoast_head":"<!-- This site is optimized with the Yoast SEO plugin v21.1 - https:\/\/yoast.com\/wordpress\/plugins\/seo\/ -->\n<title>Bouch\u00e9es aux noix de coco et chocolat noir (Rupture de stock) - Chocolat Le Meilleur au Monde\u00ae<\/title>\n<meta name=\"robots\" content=\"index, follow, max-snippet:-1, max-image-preview:large, max-video-preview:-1\" \/>\n<link rel=\"canonical\" href=\"https:\/\/www.worldsfinest.ca\/fr\/product\/bouchees-aux-noix-de-coco-et-chocolat-noir\/\" \/>\n<meta property=\"og:locale\" content=\"fr_FR\" \/>\n<meta property=\"og:type\" content=\"article\" \/>\n<meta property=\"og:title\" content=\"Bouch\u00e9es aux noix de coco et chocolat noir (Rupture de stock) - Chocolat Le Meilleur au Monde\u00ae\" \/>\n<meta property=\"og:description\" content=\"Notre garniture cr\u00e9meuse \u00e0 la noix de coco est enrob\u00e9e d\u2019une riche coquille de chocolat noir. Emball\u00e9s individuellement et parfaits pour le partage, nos Coconut Whirls\u00ae sont fabriqu\u00e9s avec un m\u00e9lange exclusif d\u2019ingr\u00e9dients de premi\u00e8re qualit\u00e9 que les amateurs de chocolat adoreront! Environ 73 morceaux. Poids net\u00a0: 1 livre &nbsp; No. du produit: 73049\" \/>\n<meta property=\"og:url\" content=\"https:\/\/www.worldsfinest.ca\/fr\/product\/bouchees-aux-noix-de-coco-et-chocolat-noir\/\" \/>\n<meta property=\"og:site_name\" content=\"Chocolat Le Meilleur au Monde\u00ae\" \/>\n<meta property=\"article:modified_time\" content=\"2024-10-08T13:49:37+00:00\" \/>\n<meta property=\"og:image\" content=\"https:\/\/www.worldsfinest.ca\/wp-content\/uploads\/73049-2020.png\" \/>\n\t<meta property=\"og:image:width\" content=\"400\" \/>\n\t<meta property=\"og:image:height\" content=\"400\" \/>\n\t<meta property=\"og:image:type\" content=\"image\/png\" \/>\n<meta name=\"twitter:card\" content=\"summary_large_image\" \/>\n<script type=\"application\/ld+json\" class=\"yoast-schema-graph\">{\"@context\":\"https:\/\/schema.org\",\"@graph\":[{\"@type\":\"WebPage\",\"@id\":\"https:\/\/www.worldsfinest.ca\/fr\/product\/bouchees-aux-noix-de-coco-et-chocolat-noir\/\",\"url\":\"https:\/\/www.worldsfinest.ca\/fr\/product\/bouchees-aux-noix-de-coco-et-chocolat-noir\/\",\"name\":\"Bouch\u00e9es aux noix de coco et chocolat noir (Rupture de stock) - Chocolat Le Meilleur au Monde\u00ae\",\"isPartOf\":{\"@id\":\"https:\/\/www.worldsfinest.ca\/#website\"},\"datePublished\":\"2020-09-16T22:04:30+00:00\",\"dateModified\":\"2024-10-08T13:49:37+00:00\",\"breadcrumb\":{\"@id\":\"https:\/\/www.worldsfinest.ca\/fr\/product\/bouchees-aux-noix-de-coco-et-chocolat-noir\/#breadcrumb\"},\"inLanguage\":\"fr-FR\",\"potentialAction\":[{\"@type\":\"ReadAction\",\"target\":[\"https:\/\/www.worldsfinest.ca\/fr\/product\/bouchees-aux-noix-de-coco-et-chocolat-noir\/\"]}]},{\"@type\":\"BreadcrumbList\",\"@id\":\"https:\/\/www.worldsfinest.ca\/fr\/product\/bouchees-aux-noix-de-coco-et-chocolat-noir\/#breadcrumb\",\"itemListElement\":[{\"@type\":\"ListItem\",\"position\":1,\"name\":\"Home\",\"item\":\"https:\/\/www.worldsfinest.ca\/fr\/\"},{\"@type\":\"ListItem\",\"position\":2,\"name\":\"Products\",\"item\":\"https:\/\/www.worldsfinest.ca\/shop\/\"},{\"@type\":\"ListItem\",\"position\":3,\"name\":\"Bouch\u00e9es aux noix de coco et chocolat noir (Rupture de stock)\"}]},{\"@type\":\"WebSite\",\"@id\":\"https:\/\/www.worldsfinest.ca\/#website\",\"url\":\"https:\/\/www.worldsfinest.ca\/\",\"name\":\"Chocolat Le Meilleur au Monde\u00ae\",\"description\":\"\",\"potentialAction\":[{\"@type\":\"SearchAction\",\"target\":{\"@type\":\"EntryPoint\",\"urlTemplate\":\"https:\/\/www.worldsfinest.ca\/?s={search_term_string}\"},\"query-input\":\"required name=search_term_string\"}],\"inLanguage\":\"fr-FR\"}]}<\/script>\n<!-- \/ Yoast SEO plugin. -->","yoast_head_json":{"title":"Bouch\u00e9es aux noix de coco et chocolat noir (Rupture de stock) - Chocolat Le Meilleur au Monde\u00ae","robots":{"index":"index","follow":"follow","max-snippet":"max-snippet:-1","max-image-preview":"max-image-preview:large","max-video-preview":"max-video-preview:-1"},"canonical":"https:\/\/www.worldsfinest.ca\/fr\/product\/bouchees-aux-noix-de-coco-et-chocolat-noir\/","og_locale":"fr_FR","og_type":"article","og_title":"Bouch\u00e9es aux noix de coco et chocolat noir (Rupture de stock) - Chocolat Le Meilleur au Monde\u00ae","og_description":"Notre garniture cr\u00e9meuse \u00e0 la noix de coco est enrob\u00e9e d\u2019une riche coquille de chocolat noir. Emball\u00e9s individuellement et parfaits pour le partage, nos Coconut Whirls\u00ae sont fabriqu\u00e9s avec un m\u00e9lange exclusif d\u2019ingr\u00e9dients de premi\u00e8re qualit\u00e9 que les amateurs de chocolat adoreront! Environ 73 morceaux. Poids net\u00a0: 1 livre &nbsp; No. du produit: 73049","og_url":"https:\/\/www.worldsfinest.ca\/fr\/product\/bouchees-aux-noix-de-coco-et-chocolat-noir\/","og_site_name":"Chocolat Le Meilleur au Monde\u00ae","article_modified_time":"2024-10-08T13:49:37+00:00","og_image":[{"width":400,"height":400,"url":"https:\/\/www.worldsfinest.ca\/wp-content\/uploads\/73049-2020.png","type":"image\/png"}],"twitter_card":"summary_large_image","schema":{"@context":"https:\/\/schema.org","@graph":[{"@type":"WebPage","@id":"https:\/\/www.worldsfinest.ca\/fr\/product\/bouchees-aux-noix-de-coco-et-chocolat-noir\/","url":"https:\/\/www.worldsfinest.ca\/fr\/product\/bouchees-aux-noix-de-coco-et-chocolat-noir\/","name":"Bouch\u00e9es aux noix de coco et chocolat noir (Rupture de stock) - Chocolat Le Meilleur au Monde\u00ae","isPartOf":{"@id":"https:\/\/www.worldsfinest.ca\/#website"},"datePublished":"2020-09-16T22:04:30+00:00","dateModified":"2024-10-08T13:49:37+00:00","breadcrumb":{"@id":"https:\/\/www.worldsfinest.ca\/fr\/product\/bouchees-aux-noix-de-coco-et-chocolat-noir\/#breadcrumb"},"inLanguage":"fr-FR","potentialAction":[{"@type":"ReadAction","target":["https:\/\/www.worldsfinest.ca\/fr\/product\/bouchees-aux-noix-de-coco-et-chocolat-noir\/"]}]},{"@type":"BreadcrumbList","@id":"https:\/\/www.worldsfinest.ca\/fr\/product\/bouchees-aux-noix-de-coco-et-chocolat-noir\/#breadcrumb","itemListElement":[{"@type":"ListItem","position":1,"name":"Home","item":"https:\/\/www.worldsfinest.ca\/fr\/"},{"@type":"ListItem","position":2,"name":"Products","item":"https:\/\/www.worldsfinest.ca\/shop\/"},{"@type":"ListItem","position":3,"name":"Bouch\u00e9es aux noix de coco et chocolat noir (Rupture de stock)"}]},{"@type":"WebSite","@id":"https:\/\/www.worldsfinest.ca\/#website","url":"https:\/\/www.worldsfinest.ca\/","name":"Chocolat Le Meilleur au Monde\u00ae","description":"","potentialAction":[{"@type":"SearchAction","target":{"@type":"EntryPoint","urlTemplate":"https:\/\/www.worldsfinest.ca\/?s={search_term_string}"},"query-input":"required name=search_term_string"}],"inLanguage":"fr-FR"}]}},"_links":{"self":[{"href":"https:\/\/www.worldsfinest.ca\/fr\/wp-json\/wp\/v2\/product\/3994","targetHints":{"allow":["GET"]}}],"collection":[{"href":"https:\/\/www.worldsfinest.ca\/fr\/wp-json\/wp\/v2\/product"}],"about":[{"href":"https:\/\/www.worldsfinest.ca\/fr\/wp-json\/wp\/v2\/types\/product"}],"replies":[{"embeddable":true,"href":"https:\/\/www.worldsfinest.ca\/fr\/wp-json\/wp\/v2\/comments?post=3994"}],"wp:featuredmedia":[{"embeddable":true,"href":"https:\/\/www.worldsfinest.ca\/fr\/wp-json\/wp\/v2\/media\/3996"}],"wp:attachment":[{"href":"https:\/\/www.worldsfinest.ca\/fr\/wp-json\/wp\/v2\/media?parent=3994"}],"wp:term":[{"taxonomy":"product_cat","embeddable":true,"href":"https:\/\/www.worldsfinest.ca\/fr\/wp-json\/wp\/v2\/product_cat?post=3994"},{"taxonomy":"product_tag","embeddable":true,"href":"https:\/\/www.worldsfinest.ca\/fr\/wp-json\/wp\/v2\/product_tag?post=3994"}],"curies":[{"name":"wp","href":"https:\/\/api.w.org\/{rel}","templated":true}]}}