{"id":4018,"date":"2020-09-16T18:26:41","date_gmt":"2020-09-16T22:26:41","guid":{"rendered":"https:\/\/www.worldsfinest.ca\/?post_type=product&#038;p=4018"},"modified":"2023-10-05T09:46:59","modified_gmt":"2023-10-05T13:46:59","slug":"raisins-secs-au-chocolat-noir","status":"publish","type":"product","link":"https:\/\/www.worldsfinest.ca\/fr\/product\/raisins-secs-au-chocolat-noir\/","title":{"rendered":"Raisins secs au chocolat noir"},"content":{"rendered":"<p>Un chocolat noir \u00e0 l\u2019ext\u00e9rieur avec raisins secs juteux et dodus de la Californie \u00e0 l\u2019int\u00e9rieur. Nos raisins secs enrob\u00e9s de chocolat noir sont une d\u00e9licieuse g\u00e2terie que tout le monde appr\u00e9ciera. Poids net\u00a0: 1 livre<\/p>\n<p>&nbsp;<\/p>\n<p>No. du produit: 73055<\/p>\n","protected":false},"excerpt":{"rendered":"<p>Un chocolat noir \u00e0 l\u2019ext\u00e9rieur avec raisins secs juteux et dodus de la Californie \u00e0 l\u2019int\u00e9rieur. Nos raisins secs enrob\u00e9s de chocolat noir sont une d\u00e9licieuse g\u00e2terie que tout le monde appr\u00e9ciera. Poids net\u00a0: 1 livre &nbsp; No. du produit: 73055<\/p>\n","protected":false},"featured_media":4020,"comment_status":"open","ping_status":"closed","template":"","meta":{"_acf_changed":false},"product_cat":[83],"product_tag":[],"class_list":["post-4018","product","type-product","status-publish","has-post-thumbnail","hentry","product_cat-vrac","product_shipping_class-service-de-courrier-fr"],"acf":[],"yoast_head":"<!-- This site is optimized with the Yoast SEO plugin v21.1 - https:\/\/yoast.com\/wordpress\/plugins\/seo\/ -->\n<title>Raisins secs au chocolat noir - Chocolat Le Meilleur au Monde\u00ae<\/title>\n<meta name=\"robots\" content=\"index, follow, max-snippet:-1, max-image-preview:large, max-video-preview:-1\" \/>\n<link rel=\"canonical\" href=\"https:\/\/www.worldsfinest.ca\/fr\/product\/raisins-secs-au-chocolat-noir\/\" \/>\n<meta property=\"og:locale\" content=\"fr_FR\" \/>\n<meta property=\"og:type\" content=\"article\" \/>\n<meta property=\"og:title\" content=\"Raisins secs au chocolat noir - Chocolat Le Meilleur au Monde\u00ae\" \/>\n<meta property=\"og:description\" content=\"Un chocolat noir \u00e0 l\u2019ext\u00e9rieur avec raisins secs juteux et dodus de la Californie \u00e0 l\u2019int\u00e9rieur. Nos raisins secs enrob\u00e9s de chocolat noir sont une d\u00e9licieuse g\u00e2terie que tout le monde appr\u00e9ciera. Poids net\u00a0: 1 livre &nbsp; No. du produit: 73055\" \/>\n<meta property=\"og:url\" content=\"https:\/\/www.worldsfinest.ca\/fr\/product\/raisins-secs-au-chocolat-noir\/\" \/>\n<meta property=\"og:site_name\" content=\"Chocolat Le Meilleur au Monde\u00ae\" \/>\n<meta property=\"article:modified_time\" content=\"2023-10-05T13:46:59+00:00\" \/>\n<meta property=\"og:image\" content=\"https:\/\/www.worldsfinest.ca\/wp-content\/uploads\/73055-2020.png\" \/>\n\t<meta property=\"og:image:width\" content=\"400\" \/>\n\t<meta property=\"og:image:height\" content=\"400\" \/>\n\t<meta property=\"og:image:type\" content=\"image\/png\" \/>\n<meta name=\"twitter:card\" content=\"summary_large_image\" \/>\n<script type=\"application\/ld+json\" class=\"yoast-schema-graph\">{\"@context\":\"https:\/\/schema.org\",\"@graph\":[{\"@type\":\"WebPage\",\"@id\":\"https:\/\/www.worldsfinest.ca\/fr\/product\/raisins-secs-au-chocolat-noir\/\",\"url\":\"https:\/\/www.worldsfinest.ca\/fr\/product\/raisins-secs-au-chocolat-noir\/\",\"name\":\"Raisins secs au chocolat noir - Chocolat Le Meilleur au Monde\u00ae\",\"isPartOf\":{\"@id\":\"https:\/\/www.worldsfinest.ca\/#website\"},\"datePublished\":\"2020-09-16T22:26:41+00:00\",\"dateModified\":\"2023-10-05T13:46:59+00:00\",\"breadcrumb\":{\"@id\":\"https:\/\/www.worldsfinest.ca\/fr\/product\/raisins-secs-au-chocolat-noir\/#breadcrumb\"},\"inLanguage\":\"fr-FR\",\"potentialAction\":[{\"@type\":\"ReadAction\",\"target\":[\"https:\/\/www.worldsfinest.ca\/fr\/product\/raisins-secs-au-chocolat-noir\/\"]}]},{\"@type\":\"BreadcrumbList\",\"@id\":\"https:\/\/www.worldsfinest.ca\/fr\/product\/raisins-secs-au-chocolat-noir\/#breadcrumb\",\"itemListElement\":[{\"@type\":\"ListItem\",\"position\":1,\"name\":\"Home\",\"item\":\"https:\/\/www.worldsfinest.ca\/fr\/\"},{\"@type\":\"ListItem\",\"position\":2,\"name\":\"Products\",\"item\":\"https:\/\/www.worldsfinest.ca\/shop\/\"},{\"@type\":\"ListItem\",\"position\":3,\"name\":\"Raisins secs au chocolat noir\"}]},{\"@type\":\"WebSite\",\"@id\":\"https:\/\/www.worldsfinest.ca\/#website\",\"url\":\"https:\/\/www.worldsfinest.ca\/\",\"name\":\"Chocolat Le Meilleur au Monde\u00ae\",\"description\":\"\",\"potentialAction\":[{\"@type\":\"SearchAction\",\"target\":{\"@type\":\"EntryPoint\",\"urlTemplate\":\"https:\/\/www.worldsfinest.ca\/?s={search_term_string}\"},\"query-input\":\"required name=search_term_string\"}],\"inLanguage\":\"fr-FR\"}]}<\/script>\n<!-- \/ Yoast SEO plugin. -->","yoast_head_json":{"title":"Raisins secs au chocolat noir - Chocolat Le Meilleur au Monde\u00ae","robots":{"index":"index","follow":"follow","max-snippet":"max-snippet:-1","max-image-preview":"max-image-preview:large","max-video-preview":"max-video-preview:-1"},"canonical":"https:\/\/www.worldsfinest.ca\/fr\/product\/raisins-secs-au-chocolat-noir\/","og_locale":"fr_FR","og_type":"article","og_title":"Raisins secs au chocolat noir - Chocolat Le Meilleur au Monde\u00ae","og_description":"Un chocolat noir \u00e0 l\u2019ext\u00e9rieur avec raisins secs juteux et dodus de la Californie \u00e0 l\u2019int\u00e9rieur. Nos raisins secs enrob\u00e9s de chocolat noir sont une d\u00e9licieuse g\u00e2terie que tout le monde appr\u00e9ciera. Poids net\u00a0: 1 livre &nbsp; No. du produit: 73055","og_url":"https:\/\/www.worldsfinest.ca\/fr\/product\/raisins-secs-au-chocolat-noir\/","og_site_name":"Chocolat Le Meilleur au Monde\u00ae","article_modified_time":"2023-10-05T13:46:59+00:00","og_image":[{"width":400,"height":400,"url":"https:\/\/www.worldsfinest.ca\/wp-content\/uploads\/73055-2020.png","type":"image\/png"}],"twitter_card":"summary_large_image","schema":{"@context":"https:\/\/schema.org","@graph":[{"@type":"WebPage","@id":"https:\/\/www.worldsfinest.ca\/fr\/product\/raisins-secs-au-chocolat-noir\/","url":"https:\/\/www.worldsfinest.ca\/fr\/product\/raisins-secs-au-chocolat-noir\/","name":"Raisins secs au chocolat noir - Chocolat Le Meilleur au Monde\u00ae","isPartOf":{"@id":"https:\/\/www.worldsfinest.ca\/#website"},"datePublished":"2020-09-16T22:26:41+00:00","dateModified":"2023-10-05T13:46:59+00:00","breadcrumb":{"@id":"https:\/\/www.worldsfinest.ca\/fr\/product\/raisins-secs-au-chocolat-noir\/#breadcrumb"},"inLanguage":"fr-FR","potentialAction":[{"@type":"ReadAction","target":["https:\/\/www.worldsfinest.ca\/fr\/product\/raisins-secs-au-chocolat-noir\/"]}]},{"@type":"BreadcrumbList","@id":"https:\/\/www.worldsfinest.ca\/fr\/product\/raisins-secs-au-chocolat-noir\/#breadcrumb","itemListElement":[{"@type":"ListItem","position":1,"name":"Home","item":"https:\/\/www.worldsfinest.ca\/fr\/"},{"@type":"ListItem","position":2,"name":"Products","item":"https:\/\/www.worldsfinest.ca\/shop\/"},{"@type":"ListItem","position":3,"name":"Raisins secs au chocolat noir"}]},{"@type":"WebSite","@id":"https:\/\/www.worldsfinest.ca\/#website","url":"https:\/\/www.worldsfinest.ca\/","name":"Chocolat Le Meilleur au Monde\u00ae","description":"","potentialAction":[{"@type":"SearchAction","target":{"@type":"EntryPoint","urlTemplate":"https:\/\/www.worldsfinest.ca\/?s={search_term_string}"},"query-input":"required name=search_term_string"}],"inLanguage":"fr-FR"}]}},"_links":{"self":[{"href":"https:\/\/www.worldsfinest.ca\/fr\/wp-json\/wp\/v2\/product\/4018","targetHints":{"allow":["GET"]}}],"collection":[{"href":"https:\/\/www.worldsfinest.ca\/fr\/wp-json\/wp\/v2\/product"}],"about":[{"href":"https:\/\/www.worldsfinest.ca\/fr\/wp-json\/wp\/v2\/types\/product"}],"replies":[{"embeddable":true,"href":"https:\/\/www.worldsfinest.ca\/fr\/wp-json\/wp\/v2\/comments?post=4018"}],"wp:featuredmedia":[{"embeddable":true,"href":"https:\/\/www.worldsfinest.ca\/fr\/wp-json\/wp\/v2\/media\/4020"}],"wp:attachment":[{"href":"https:\/\/www.worldsfinest.ca\/fr\/wp-json\/wp\/v2\/media?parent=4018"}],"wp:term":[{"taxonomy":"product_cat","embeddable":true,"href":"https:\/\/www.worldsfinest.ca\/fr\/wp-json\/wp\/v2\/product_cat?post=4018"},{"taxonomy":"product_tag","embeddable":true,"href":"https:\/\/www.worldsfinest.ca\/fr\/wp-json\/wp\/v2\/product_tag?post=4018"}],"curies":[{"name":"wp","href":"https:\/\/api.w.org\/{rel}","templated":true}]}}