{"id":4022,"date":"2020-09-16T18:28:36","date_gmt":"2020-09-16T22:28:36","guid":{"rendered":"https:\/\/www.worldsfinest.ca\/?post_type=product&#038;p=4022"},"modified":"2024-02-20T11:13:41","modified_gmt":"2024-02-20T16:13:41","slug":"amandes-imperial-couleur-festive-saisonnier","status":"publish","type":"product","link":"https:\/\/www.worldsfinest.ca\/fr\/product\/amandes-imperial-couleur-festive-saisonnier\/","title":{"rendered":"Amandes Imperial\u00ae couleur festive &#8211; saisonnier"},"content":{"rendered":"<p>Un d\u00e9licieux cadeau saisonnier; ces amandes enrob\u00e9es de chocolat au lait sont entour\u00e9es d\u2019une coquille de bonbon color\u00e9e festif. \u00c0 l\u2019int\u00e9rieur de cette coquille de confiserie brillamment color\u00e9e, vous trouverez des amandes californiennes de qualit\u00e9 sup\u00e9rieure r\u00f4ties lentement dans du beurre de cacao et puis tremp\u00e9es dans une \u00e9paisse couche de chocolat au lait le Meilleur au Monde\u00ae.<\/p>\n<p>Poids net\u00a0: 1 livre<\/p>\n<p>&nbsp;<\/p>\n<p>No. du produit: 73056<\/p>\n","protected":false},"excerpt":{"rendered":"<p>Un d\u00e9licieux cadeau saisonnier; ces amandes enrob\u00e9es de chocolat au lait sont entour\u00e9es d\u2019une coquille de bonbon color\u00e9e festif. \u00c0 l\u2019int\u00e9rieur de cette coquille de confiserie brillamment color\u00e9e, vous trouverez des amandes californiennes de qualit\u00e9 sup\u00e9rieure r\u00f4ties lentement dans du beurre de cacao et puis tremp\u00e9es dans une \u00e9paisse couche de chocolat au lait le [&hellip;]<\/p>\n","protected":false},"featured_media":4024,"comment_status":"open","ping_status":"closed","template":"","meta":{"_acf_changed":false},"product_cat":[83],"product_tag":[],"class_list":["post-4022","product","type-product","status-publish","has-post-thumbnail","hentry","product_cat-vrac","product_shipping_class-service-de-courrier-fr"],"acf":[],"yoast_head":"<!-- This site is optimized with the Yoast SEO plugin v21.1 - https:\/\/yoast.com\/wordpress\/plugins\/seo\/ -->\n<title>Amandes Imperial\u00ae couleur festive - saisonnier - Chocolat Le Meilleur au Monde\u00ae<\/title>\n<meta name=\"robots\" content=\"index, follow, max-snippet:-1, max-image-preview:large, max-video-preview:-1\" \/>\n<link rel=\"canonical\" href=\"https:\/\/www.worldsfinest.ca\/fr\/product\/amandes-imperial-couleur-festive-saisonnier\/\" \/>\n<meta property=\"og:locale\" content=\"fr_FR\" \/>\n<meta property=\"og:type\" content=\"article\" \/>\n<meta property=\"og:title\" content=\"Amandes Imperial\u00ae couleur festive - saisonnier - Chocolat Le Meilleur au Monde\u00ae\" \/>\n<meta property=\"og:description\" content=\"Un d\u00e9licieux cadeau saisonnier; ces amandes enrob\u00e9es de chocolat au lait sont entour\u00e9es d\u2019une coquille de bonbon color\u00e9e festif. \u00c0 l\u2019int\u00e9rieur de cette coquille de confiserie brillamment color\u00e9e, vous trouverez des amandes californiennes de qualit\u00e9 sup\u00e9rieure r\u00f4ties lentement dans du beurre de cacao et puis tremp\u00e9es dans une \u00e9paisse couche de chocolat au lait le [&hellip;]\" \/>\n<meta property=\"og:url\" content=\"https:\/\/www.worldsfinest.ca\/fr\/product\/amandes-imperial-couleur-festive-saisonnier\/\" \/>\n<meta property=\"og:site_name\" content=\"Chocolat Le Meilleur au Monde\u00ae\" \/>\n<meta property=\"article:modified_time\" content=\"2024-02-20T16:13:41+00:00\" \/>\n<meta property=\"og:image\" content=\"https:\/\/www.worldsfinest.ca\/wp-content\/uploads\/73056-Easter-2021.png\" \/>\n\t<meta property=\"og:image:width\" content=\"400\" \/>\n\t<meta property=\"og:image:height\" content=\"400\" \/>\n\t<meta property=\"og:image:type\" content=\"image\/png\" \/>\n<meta name=\"twitter:card\" content=\"summary_large_image\" \/>\n<meta name=\"twitter:label1\" content=\"Est. reading time\" \/>\n\t<meta name=\"twitter:data1\" content=\"1 minute\" \/>\n<script type=\"application\/ld+json\" class=\"yoast-schema-graph\">{\"@context\":\"https:\/\/schema.org\",\"@graph\":[{\"@type\":\"WebPage\",\"@id\":\"https:\/\/www.worldsfinest.ca\/fr\/product\/amandes-imperial-couleur-festive-saisonnier\/\",\"url\":\"https:\/\/www.worldsfinest.ca\/fr\/product\/amandes-imperial-couleur-festive-saisonnier\/\",\"name\":\"Amandes Imperial\u00ae couleur festive - saisonnier - Chocolat Le Meilleur au Monde\u00ae\",\"isPartOf\":{\"@id\":\"https:\/\/www.worldsfinest.ca\/#website\"},\"datePublished\":\"2020-09-16T22:28:36+00:00\",\"dateModified\":\"2024-02-20T16:13:41+00:00\",\"breadcrumb\":{\"@id\":\"https:\/\/www.worldsfinest.ca\/fr\/product\/amandes-imperial-couleur-festive-saisonnier\/#breadcrumb\"},\"inLanguage\":\"fr-FR\",\"potentialAction\":[{\"@type\":\"ReadAction\",\"target\":[\"https:\/\/www.worldsfinest.ca\/fr\/product\/amandes-imperial-couleur-festive-saisonnier\/\"]}]},{\"@type\":\"BreadcrumbList\",\"@id\":\"https:\/\/www.worldsfinest.ca\/fr\/product\/amandes-imperial-couleur-festive-saisonnier\/#breadcrumb\",\"itemListElement\":[{\"@type\":\"ListItem\",\"position\":1,\"name\":\"Home\",\"item\":\"https:\/\/www.worldsfinest.ca\/fr\/\"},{\"@type\":\"ListItem\",\"position\":2,\"name\":\"Products\",\"item\":\"https:\/\/www.worldsfinest.ca\/shop\/\"},{\"@type\":\"ListItem\",\"position\":3,\"name\":\"Amandes Imperial\u00ae couleur festive &#8211; saisonnier\"}]},{\"@type\":\"WebSite\",\"@id\":\"https:\/\/www.worldsfinest.ca\/#website\",\"url\":\"https:\/\/www.worldsfinest.ca\/\",\"name\":\"Chocolat Le Meilleur au Monde\u00ae\",\"description\":\"\",\"potentialAction\":[{\"@type\":\"SearchAction\",\"target\":{\"@type\":\"EntryPoint\",\"urlTemplate\":\"https:\/\/www.worldsfinest.ca\/?s={search_term_string}\"},\"query-input\":\"required name=search_term_string\"}],\"inLanguage\":\"fr-FR\"}]}<\/script>\n<!-- \/ Yoast SEO plugin. -->","yoast_head_json":{"title":"Amandes Imperial\u00ae couleur festive - saisonnier - Chocolat Le Meilleur au Monde\u00ae","robots":{"index":"index","follow":"follow","max-snippet":"max-snippet:-1","max-image-preview":"max-image-preview:large","max-video-preview":"max-video-preview:-1"},"canonical":"https:\/\/www.worldsfinest.ca\/fr\/product\/amandes-imperial-couleur-festive-saisonnier\/","og_locale":"fr_FR","og_type":"article","og_title":"Amandes Imperial\u00ae couleur festive - saisonnier - Chocolat Le Meilleur au Monde\u00ae","og_description":"Un d\u00e9licieux cadeau saisonnier; ces amandes enrob\u00e9es de chocolat au lait sont entour\u00e9es d\u2019une coquille de bonbon color\u00e9e festif. \u00c0 l\u2019int\u00e9rieur de cette coquille de confiserie brillamment color\u00e9e, vous trouverez des amandes californiennes de qualit\u00e9 sup\u00e9rieure r\u00f4ties lentement dans du beurre de cacao et puis tremp\u00e9es dans une \u00e9paisse couche de chocolat au lait le [&hellip;]","og_url":"https:\/\/www.worldsfinest.ca\/fr\/product\/amandes-imperial-couleur-festive-saisonnier\/","og_site_name":"Chocolat Le Meilleur au Monde\u00ae","article_modified_time":"2024-02-20T16:13:41+00:00","og_image":[{"width":400,"height":400,"url":"https:\/\/www.worldsfinest.ca\/wp-content\/uploads\/73056-Easter-2021.png","type":"image\/png"}],"twitter_card":"summary_large_image","twitter_misc":{"Est. reading time":"1 minute"},"schema":{"@context":"https:\/\/schema.org","@graph":[{"@type":"WebPage","@id":"https:\/\/www.worldsfinest.ca\/fr\/product\/amandes-imperial-couleur-festive-saisonnier\/","url":"https:\/\/www.worldsfinest.ca\/fr\/product\/amandes-imperial-couleur-festive-saisonnier\/","name":"Amandes Imperial\u00ae couleur festive - saisonnier - Chocolat Le Meilleur au Monde\u00ae","isPartOf":{"@id":"https:\/\/www.worldsfinest.ca\/#website"},"datePublished":"2020-09-16T22:28:36+00:00","dateModified":"2024-02-20T16:13:41+00:00","breadcrumb":{"@id":"https:\/\/www.worldsfinest.ca\/fr\/product\/amandes-imperial-couleur-festive-saisonnier\/#breadcrumb"},"inLanguage":"fr-FR","potentialAction":[{"@type":"ReadAction","target":["https:\/\/www.worldsfinest.ca\/fr\/product\/amandes-imperial-couleur-festive-saisonnier\/"]}]},{"@type":"BreadcrumbList","@id":"https:\/\/www.worldsfinest.ca\/fr\/product\/amandes-imperial-couleur-festive-saisonnier\/#breadcrumb","itemListElement":[{"@type":"ListItem","position":1,"name":"Home","item":"https:\/\/www.worldsfinest.ca\/fr\/"},{"@type":"ListItem","position":2,"name":"Products","item":"https:\/\/www.worldsfinest.ca\/shop\/"},{"@type":"ListItem","position":3,"name":"Amandes Imperial\u00ae couleur festive &#8211; saisonnier"}]},{"@type":"WebSite","@id":"https:\/\/www.worldsfinest.ca\/#website","url":"https:\/\/www.worldsfinest.ca\/","name":"Chocolat Le Meilleur au Monde\u00ae","description":"","potentialAction":[{"@type":"SearchAction","target":{"@type":"EntryPoint","urlTemplate":"https:\/\/www.worldsfinest.ca\/?s={search_term_string}"},"query-input":"required name=search_term_string"}],"inLanguage":"fr-FR"}]}},"_links":{"self":[{"href":"https:\/\/www.worldsfinest.ca\/fr\/wp-json\/wp\/v2\/product\/4022","targetHints":{"allow":["GET"]}}],"collection":[{"href":"https:\/\/www.worldsfinest.ca\/fr\/wp-json\/wp\/v2\/product"}],"about":[{"href":"https:\/\/www.worldsfinest.ca\/fr\/wp-json\/wp\/v2\/types\/product"}],"replies":[{"embeddable":true,"href":"https:\/\/www.worldsfinest.ca\/fr\/wp-json\/wp\/v2\/comments?post=4022"}],"wp:featuredmedia":[{"embeddable":true,"href":"https:\/\/www.worldsfinest.ca\/fr\/wp-json\/wp\/v2\/media\/4024"}],"wp:attachment":[{"href":"https:\/\/www.worldsfinest.ca\/fr\/wp-json\/wp\/v2\/media?parent=4022"}],"wp:term":[{"taxonomy":"product_cat","embeddable":true,"href":"https:\/\/www.worldsfinest.ca\/fr\/wp-json\/wp\/v2\/product_cat?post=4022"},{"taxonomy":"product_tag","embeddable":true,"href":"https:\/\/www.worldsfinest.ca\/fr\/wp-json\/wp\/v2\/product_tag?post=4022"}],"curies":[{"name":"wp","href":"https:\/\/api.w.org\/{rel}","templated":true}]}}