{"id":4087,"date":"2020-09-28T13:36:55","date_gmt":"2020-09-28T17:36:55","guid":{"rendered":"https:\/\/www.worldsfinest.ca\/?post_type=product&#038;p=4087"},"modified":"2021-03-24T12:24:32","modified_gmt":"2021-03-24T16:24:32","slug":"bulk-wfc-almond-bars","status":"publish","type":"product","link":"https:\/\/www.worldsfinest.ca\/fr\/product\/bulk-wfc-almond-bars\/","title":{"rendered":"Tablette aux amandes et chocolat au lait"},"content":{"rendered":"<p>Une tablette de chocolat au lait cr\u00e9meux et onctueux avec amandes grill\u00e9es de la Californie est toujours un grand succ\u00e8s!<\/p>\n<p><strong>**Veuillez noter que la quantit\u00e9 de tablette peut varier selon la taille de son emballage.<\/strong><\/p>\n<p>Poids net\u00a0: 1 livre.<\/p>\n<p>No. du produit: 73063<\/p>\n","protected":false},"excerpt":{"rendered":"<p>Une tablette de chocolat au lait cr\u00e9meux et onctueux avec amandes grill\u00e9es de la Californie est toujours un grand succ\u00e8s! **Veuillez noter que la quantit\u00e9 de tablette peut varier selon la taille de son emballage. Poids net\u00a0: 1 livre. No. du produit: 73063<\/p>\n","protected":false},"featured_media":4094,"comment_status":"open","ping_status":"closed","template":"","meta":{"_acf_changed":false},"product_cat":[83],"product_tag":[],"class_list":["post-4087","product","type-product","status-publish","has-post-thumbnail","hentry","product_cat-vrac","product_shipping_class-service-de-courrier-fr"],"acf":[],"yoast_head":"<!-- This site is optimized with the Yoast SEO plugin v21.1 - https:\/\/yoast.com\/wordpress\/plugins\/seo\/ -->\n<title>Tablette aux amandes et chocolat au lait - Chocolat Le Meilleur au Monde\u00ae<\/title>\n<meta name=\"robots\" content=\"index, follow, max-snippet:-1, max-image-preview:large, max-video-preview:-1\" \/>\n<link rel=\"canonical\" href=\"https:\/\/www.worldsfinest.ca\/fr\/product\/bulk-wfc-almond-bars\/\" \/>\n<meta property=\"og:locale\" content=\"fr_FR\" \/>\n<meta property=\"og:type\" content=\"article\" \/>\n<meta property=\"og:title\" content=\"Tablette aux amandes et chocolat au lait - Chocolat Le Meilleur au Monde\u00ae\" \/>\n<meta property=\"og:description\" content=\"Une tablette de chocolat au lait cr\u00e9meux et onctueux avec amandes grill\u00e9es de la Californie est toujours un grand succ\u00e8s! **Veuillez noter que la quantit\u00e9 de tablette peut varier selon la taille de son emballage. Poids net\u00a0: 1 livre. No. du produit: 73063\" \/>\n<meta property=\"og:url\" content=\"https:\/\/www.worldsfinest.ca\/fr\/product\/bulk-wfc-almond-bars\/\" \/>\n<meta property=\"og:site_name\" content=\"Chocolat Le Meilleur au Monde\u00ae\" \/>\n<meta property=\"article:modified_time\" content=\"2021-03-24T16:24:32+00:00\" \/>\n<meta property=\"og:image\" content=\"https:\/\/www.worldsfinest.ca\/wp-content\/uploads\/73063-2020-1.png\" \/>\n\t<meta property=\"og:image:width\" content=\"400\" \/>\n\t<meta property=\"og:image:height\" content=\"400\" \/>\n\t<meta property=\"og:image:type\" content=\"image\/png\" \/>\n<meta name=\"twitter:card\" content=\"summary_large_image\" \/>\n<script type=\"application\/ld+json\" class=\"yoast-schema-graph\">{\"@context\":\"https:\/\/schema.org\",\"@graph\":[{\"@type\":\"WebPage\",\"@id\":\"https:\/\/www.worldsfinest.ca\/fr\/product\/bulk-wfc-almond-bars\/\",\"url\":\"https:\/\/www.worldsfinest.ca\/fr\/product\/bulk-wfc-almond-bars\/\",\"name\":\"Tablette aux amandes et chocolat au lait - Chocolat Le Meilleur au Monde\u00ae\",\"isPartOf\":{\"@id\":\"https:\/\/www.worldsfinest.ca\/#website\"},\"datePublished\":\"2020-09-28T17:36:55+00:00\",\"dateModified\":\"2021-03-24T16:24:32+00:00\",\"breadcrumb\":{\"@id\":\"https:\/\/www.worldsfinest.ca\/fr\/product\/bulk-wfc-almond-bars\/#breadcrumb\"},\"inLanguage\":\"fr-FR\",\"potentialAction\":[{\"@type\":\"ReadAction\",\"target\":[\"https:\/\/www.worldsfinest.ca\/fr\/product\/bulk-wfc-almond-bars\/\"]}]},{\"@type\":\"BreadcrumbList\",\"@id\":\"https:\/\/www.worldsfinest.ca\/fr\/product\/bulk-wfc-almond-bars\/#breadcrumb\",\"itemListElement\":[{\"@type\":\"ListItem\",\"position\":1,\"name\":\"Home\",\"item\":\"https:\/\/www.worldsfinest.ca\/fr\/\"},{\"@type\":\"ListItem\",\"position\":2,\"name\":\"Products\",\"item\":\"https:\/\/www.worldsfinest.ca\/shop\/\"},{\"@type\":\"ListItem\",\"position\":3,\"name\":\"Tablette aux amandes et chocolat au lait\"}]},{\"@type\":\"WebSite\",\"@id\":\"https:\/\/www.worldsfinest.ca\/#website\",\"url\":\"https:\/\/www.worldsfinest.ca\/\",\"name\":\"Chocolat Le Meilleur au Monde\u00ae\",\"description\":\"\",\"potentialAction\":[{\"@type\":\"SearchAction\",\"target\":{\"@type\":\"EntryPoint\",\"urlTemplate\":\"https:\/\/www.worldsfinest.ca\/?s={search_term_string}\"},\"query-input\":\"required name=search_term_string\"}],\"inLanguage\":\"fr-FR\"}]}<\/script>\n<!-- \/ Yoast SEO plugin. -->","yoast_head_json":{"title":"Tablette aux amandes et chocolat au lait - Chocolat Le Meilleur au Monde\u00ae","robots":{"index":"index","follow":"follow","max-snippet":"max-snippet:-1","max-image-preview":"max-image-preview:large","max-video-preview":"max-video-preview:-1"},"canonical":"https:\/\/www.worldsfinest.ca\/fr\/product\/bulk-wfc-almond-bars\/","og_locale":"fr_FR","og_type":"article","og_title":"Tablette aux amandes et chocolat au lait - Chocolat Le Meilleur au Monde\u00ae","og_description":"Une tablette de chocolat au lait cr\u00e9meux et onctueux avec amandes grill\u00e9es de la Californie est toujours un grand succ\u00e8s! **Veuillez noter que la quantit\u00e9 de tablette peut varier selon la taille de son emballage. Poids net\u00a0: 1 livre. No. du produit: 73063","og_url":"https:\/\/www.worldsfinest.ca\/fr\/product\/bulk-wfc-almond-bars\/","og_site_name":"Chocolat Le Meilleur au Monde\u00ae","article_modified_time":"2021-03-24T16:24:32+00:00","og_image":[{"width":400,"height":400,"url":"https:\/\/www.worldsfinest.ca\/wp-content\/uploads\/73063-2020-1.png","type":"image\/png"}],"twitter_card":"summary_large_image","schema":{"@context":"https:\/\/schema.org","@graph":[{"@type":"WebPage","@id":"https:\/\/www.worldsfinest.ca\/fr\/product\/bulk-wfc-almond-bars\/","url":"https:\/\/www.worldsfinest.ca\/fr\/product\/bulk-wfc-almond-bars\/","name":"Tablette aux amandes et chocolat au lait - Chocolat Le Meilleur au Monde\u00ae","isPartOf":{"@id":"https:\/\/www.worldsfinest.ca\/#website"},"datePublished":"2020-09-28T17:36:55+00:00","dateModified":"2021-03-24T16:24:32+00:00","breadcrumb":{"@id":"https:\/\/www.worldsfinest.ca\/fr\/product\/bulk-wfc-almond-bars\/#breadcrumb"},"inLanguage":"fr-FR","potentialAction":[{"@type":"ReadAction","target":["https:\/\/www.worldsfinest.ca\/fr\/product\/bulk-wfc-almond-bars\/"]}]},{"@type":"BreadcrumbList","@id":"https:\/\/www.worldsfinest.ca\/fr\/product\/bulk-wfc-almond-bars\/#breadcrumb","itemListElement":[{"@type":"ListItem","position":1,"name":"Home","item":"https:\/\/www.worldsfinest.ca\/fr\/"},{"@type":"ListItem","position":2,"name":"Products","item":"https:\/\/www.worldsfinest.ca\/shop\/"},{"@type":"ListItem","position":3,"name":"Tablette aux amandes et chocolat au lait"}]},{"@type":"WebSite","@id":"https:\/\/www.worldsfinest.ca\/#website","url":"https:\/\/www.worldsfinest.ca\/","name":"Chocolat Le Meilleur au Monde\u00ae","description":"","potentialAction":[{"@type":"SearchAction","target":{"@type":"EntryPoint","urlTemplate":"https:\/\/www.worldsfinest.ca\/?s={search_term_string}"},"query-input":"required name=search_term_string"}],"inLanguage":"fr-FR"}]}},"_links":{"self":[{"href":"https:\/\/www.worldsfinest.ca\/fr\/wp-json\/wp\/v2\/product\/4087","targetHints":{"allow":["GET"]}}],"collection":[{"href":"https:\/\/www.worldsfinest.ca\/fr\/wp-json\/wp\/v2\/product"}],"about":[{"href":"https:\/\/www.worldsfinest.ca\/fr\/wp-json\/wp\/v2\/types\/product"}],"replies":[{"embeddable":true,"href":"https:\/\/www.worldsfinest.ca\/fr\/wp-json\/wp\/v2\/comments?post=4087"}],"wp:featuredmedia":[{"embeddable":true,"href":"https:\/\/www.worldsfinest.ca\/fr\/wp-json\/wp\/v2\/media\/4094"}],"wp:attachment":[{"href":"https:\/\/www.worldsfinest.ca\/fr\/wp-json\/wp\/v2\/media?parent=4087"}],"wp:term":[{"taxonomy":"product_cat","embeddable":true,"href":"https:\/\/www.worldsfinest.ca\/fr\/wp-json\/wp\/v2\/product_cat?post=4087"},{"taxonomy":"product_tag","embeddable":true,"href":"https:\/\/www.worldsfinest.ca\/fr\/wp-json\/wp\/v2\/product_tag?post=4087"}],"curies":[{"name":"wp","href":"https:\/\/api.w.org\/{rel}","templated":true}]}}