{"id":4678,"date":"2021-01-07T14:54:38","date_gmt":"2021-01-07T19:54:38","guid":{"rendered":"https:\/\/www.worldsfinest.ca\/?post_type=product&#038;p=4678"},"modified":"2021-01-08T07:32:27","modified_gmt":"2021-01-08T12:32:27","slug":"cerises-queen-anne","status":"publish","type":"product","link":"https:\/\/www.worldsfinest.ca\/fr\/product\/cerises-queen-anne\/","title":{"rendered":"Cerises Queen Anne\u00ae &#8211; 2 pour 3$!! cueillette seulement"},"content":{"rendered":"<p>Nos cerises enrob\u00e9es de chocolat le plus populaire commence avec une cerise de marasquin enti\u00e8re suspendue dans un centre cr\u00e9meux et enrob\u00e9e de chocolat au lait lisse. R\u00e9galez-vous aujourd\u2019hui avec un paquet de 10 morceaux d\u00e9licieux! <\/p>\n<p>En raison de la nature d\u00e9licate de ce produit, l\u2019exp\u00e9dition n\u2019est pas disponible. Cueillette en magasin seulement \u00e0 Campbellford, Ontario.<\/p>\n<p>N\u00b0 du product 73065<\/p>\n","protected":false},"excerpt":{"rendered":"<p>Nos cerises enrob\u00e9es de chocolat le plus populaire commence avec une cerise de marasquin enti\u00e8re suspendue dans un centre cr\u00e9meux et enrob\u00e9e de chocolat au lait lisse. R\u00e9galez-vous aujourd\u2019hui avec un paquet de 10 morceaux d\u00e9licieux! En raison de la nature d\u00e9licate de ce produit, l\u2019exp\u00e9dition n\u2019est pas disponible. Cueillette en magasin seulement \u00e0 Campbellford, [&hellip;]<\/p>\n","protected":false},"featured_media":4680,"comment_status":"open","ping_status":"closed","template":"","meta":{"_acf_changed":false},"product_cat":[83],"product_tag":[],"class_list":["post-4678","product","type-product","status-publish","has-post-thumbnail","hentry","product_cat-vrac","product_shipping_class-service-de-courrier-fr"],"acf":[],"yoast_head":"<!-- This site is optimized with the Yoast SEO plugin v21.1 - https:\/\/yoast.com\/wordpress\/plugins\/seo\/ -->\n<title>Cerises Queen Anne\u00ae - 2 pour 3$!! cueillette seulement - Chocolat Le Meilleur au Monde\u00ae<\/title>\n<meta name=\"robots\" content=\"index, follow, max-snippet:-1, max-image-preview:large, max-video-preview:-1\" \/>\n<link rel=\"canonical\" href=\"https:\/\/www.worldsfinest.ca\/fr\/product\/cerises-queen-anne\/\" \/>\n<meta property=\"og:locale\" content=\"fr_FR\" \/>\n<meta property=\"og:type\" content=\"article\" \/>\n<meta property=\"og:title\" content=\"Cerises Queen Anne\u00ae - 2 pour 3$!! cueillette seulement - Chocolat Le Meilleur au Monde\u00ae\" \/>\n<meta property=\"og:description\" content=\"Nos cerises enrob\u00e9es de chocolat le plus populaire commence avec une cerise de marasquin enti\u00e8re suspendue dans un centre cr\u00e9meux et enrob\u00e9e de chocolat au lait lisse. R\u00e9galez-vous aujourd\u2019hui avec un paquet de 10 morceaux d\u00e9licieux! En raison de la nature d\u00e9licate de ce produit, l\u2019exp\u00e9dition n\u2019est pas disponible. Cueillette en magasin seulement \u00e0 Campbellford, [&hellip;]\" \/>\n<meta property=\"og:url\" content=\"https:\/\/www.worldsfinest.ca\/fr\/product\/cerises-queen-anne\/\" \/>\n<meta property=\"og:site_name\" content=\"Chocolat Le Meilleur au Monde\u00ae\" \/>\n<meta property=\"article:modified_time\" content=\"2021-01-08T12:32:27+00:00\" \/>\n<meta property=\"og:image\" content=\"https:\/\/www.worldsfinest.ca\/wp-content\/uploads\/73065-2021.png\" \/>\n\t<meta property=\"og:image:width\" content=\"400\" \/>\n\t<meta property=\"og:image:height\" content=\"400\" \/>\n\t<meta property=\"og:image:type\" content=\"image\/png\" \/>\n<meta name=\"twitter:card\" content=\"summary_large_image\" \/>\n<script type=\"application\/ld+json\" class=\"yoast-schema-graph\">{\"@context\":\"https:\/\/schema.org\",\"@graph\":[{\"@type\":\"WebPage\",\"@id\":\"https:\/\/www.worldsfinest.ca\/fr\/product\/cerises-queen-anne\/\",\"url\":\"https:\/\/www.worldsfinest.ca\/fr\/product\/cerises-queen-anne\/\",\"name\":\"Cerises Queen Anne\u00ae - 2 pour 3$!! cueillette seulement - Chocolat Le Meilleur au Monde\u00ae\",\"isPartOf\":{\"@id\":\"https:\/\/www.worldsfinest.ca\/#website\"},\"datePublished\":\"2021-01-07T19:54:38+00:00\",\"dateModified\":\"2021-01-08T12:32:27+00:00\",\"breadcrumb\":{\"@id\":\"https:\/\/www.worldsfinest.ca\/fr\/product\/cerises-queen-anne\/#breadcrumb\"},\"inLanguage\":\"fr-FR\",\"potentialAction\":[{\"@type\":\"ReadAction\",\"target\":[\"https:\/\/www.worldsfinest.ca\/fr\/product\/cerises-queen-anne\/\"]}]},{\"@type\":\"BreadcrumbList\",\"@id\":\"https:\/\/www.worldsfinest.ca\/fr\/product\/cerises-queen-anne\/#breadcrumb\",\"itemListElement\":[{\"@type\":\"ListItem\",\"position\":1,\"name\":\"Home\",\"item\":\"https:\/\/www.worldsfinest.ca\/fr\/\"},{\"@type\":\"ListItem\",\"position\":2,\"name\":\"Products\",\"item\":\"https:\/\/www.worldsfinest.ca\/shop\/\"},{\"@type\":\"ListItem\",\"position\":3,\"name\":\"Cerises Queen Anne\u00ae &#8211; 2 pour 3$!! cueillette seulement\"}]},{\"@type\":\"WebSite\",\"@id\":\"https:\/\/www.worldsfinest.ca\/#website\",\"url\":\"https:\/\/www.worldsfinest.ca\/\",\"name\":\"Chocolat Le Meilleur au Monde\u00ae\",\"description\":\"\",\"potentialAction\":[{\"@type\":\"SearchAction\",\"target\":{\"@type\":\"EntryPoint\",\"urlTemplate\":\"https:\/\/www.worldsfinest.ca\/?s={search_term_string}\"},\"query-input\":\"required name=search_term_string\"}],\"inLanguage\":\"fr-FR\"}]}<\/script>\n<!-- \/ Yoast SEO plugin. -->","yoast_head_json":{"title":"Cerises Queen Anne\u00ae - 2 pour 3$!! cueillette seulement - Chocolat Le Meilleur au Monde\u00ae","robots":{"index":"index","follow":"follow","max-snippet":"max-snippet:-1","max-image-preview":"max-image-preview:large","max-video-preview":"max-video-preview:-1"},"canonical":"https:\/\/www.worldsfinest.ca\/fr\/product\/cerises-queen-anne\/","og_locale":"fr_FR","og_type":"article","og_title":"Cerises Queen Anne\u00ae - 2 pour 3$!! cueillette seulement - Chocolat Le Meilleur au Monde\u00ae","og_description":"Nos cerises enrob\u00e9es de chocolat le plus populaire commence avec une cerise de marasquin enti\u00e8re suspendue dans un centre cr\u00e9meux et enrob\u00e9e de chocolat au lait lisse. R\u00e9galez-vous aujourd\u2019hui avec un paquet de 10 morceaux d\u00e9licieux! En raison de la nature d\u00e9licate de ce produit, l\u2019exp\u00e9dition n\u2019est pas disponible. Cueillette en magasin seulement \u00e0 Campbellford, [&hellip;]","og_url":"https:\/\/www.worldsfinest.ca\/fr\/product\/cerises-queen-anne\/","og_site_name":"Chocolat Le Meilleur au Monde\u00ae","article_modified_time":"2021-01-08T12:32:27+00:00","og_image":[{"width":400,"height":400,"url":"https:\/\/www.worldsfinest.ca\/wp-content\/uploads\/73065-2021.png","type":"image\/png"}],"twitter_card":"summary_large_image","schema":{"@context":"https:\/\/schema.org","@graph":[{"@type":"WebPage","@id":"https:\/\/www.worldsfinest.ca\/fr\/product\/cerises-queen-anne\/","url":"https:\/\/www.worldsfinest.ca\/fr\/product\/cerises-queen-anne\/","name":"Cerises Queen Anne\u00ae - 2 pour 3$!! cueillette seulement - Chocolat Le Meilleur au Monde\u00ae","isPartOf":{"@id":"https:\/\/www.worldsfinest.ca\/#website"},"datePublished":"2021-01-07T19:54:38+00:00","dateModified":"2021-01-08T12:32:27+00:00","breadcrumb":{"@id":"https:\/\/www.worldsfinest.ca\/fr\/product\/cerises-queen-anne\/#breadcrumb"},"inLanguage":"fr-FR","potentialAction":[{"@type":"ReadAction","target":["https:\/\/www.worldsfinest.ca\/fr\/product\/cerises-queen-anne\/"]}]},{"@type":"BreadcrumbList","@id":"https:\/\/www.worldsfinest.ca\/fr\/product\/cerises-queen-anne\/#breadcrumb","itemListElement":[{"@type":"ListItem","position":1,"name":"Home","item":"https:\/\/www.worldsfinest.ca\/fr\/"},{"@type":"ListItem","position":2,"name":"Products","item":"https:\/\/www.worldsfinest.ca\/shop\/"},{"@type":"ListItem","position":3,"name":"Cerises Queen Anne\u00ae &#8211; 2 pour 3$!! cueillette seulement"}]},{"@type":"WebSite","@id":"https:\/\/www.worldsfinest.ca\/#website","url":"https:\/\/www.worldsfinest.ca\/","name":"Chocolat Le Meilleur au Monde\u00ae","description":"","potentialAction":[{"@type":"SearchAction","target":{"@type":"EntryPoint","urlTemplate":"https:\/\/www.worldsfinest.ca\/?s={search_term_string}"},"query-input":"required name=search_term_string"}],"inLanguage":"fr-FR"}]}},"_links":{"self":[{"href":"https:\/\/www.worldsfinest.ca\/fr\/wp-json\/wp\/v2\/product\/4678","targetHints":{"allow":["GET"]}}],"collection":[{"href":"https:\/\/www.worldsfinest.ca\/fr\/wp-json\/wp\/v2\/product"}],"about":[{"href":"https:\/\/www.worldsfinest.ca\/fr\/wp-json\/wp\/v2\/types\/product"}],"replies":[{"embeddable":true,"href":"https:\/\/www.worldsfinest.ca\/fr\/wp-json\/wp\/v2\/comments?post=4678"}],"wp:featuredmedia":[{"embeddable":true,"href":"https:\/\/www.worldsfinest.ca\/fr\/wp-json\/wp\/v2\/media\/4680"}],"wp:attachment":[{"href":"https:\/\/www.worldsfinest.ca\/fr\/wp-json\/wp\/v2\/media?parent=4678"}],"wp:term":[{"taxonomy":"product_cat","embeddable":true,"href":"https:\/\/www.worldsfinest.ca\/fr\/wp-json\/wp\/v2\/product_cat?post=4678"},{"taxonomy":"product_tag","embeddable":true,"href":"https:\/\/www.worldsfinest.ca\/fr\/wp-json\/wp\/v2\/product_tag?post=4678"}],"curies":[{"name":"wp","href":"https:\/\/api.w.org\/{rel}","templated":true}]}}