{"id":5136,"date":"2021-03-22T18:30:44","date_gmt":"2021-03-22T22:30:44","guid":{"rendered":"https:\/\/www.worldsfinest.ca\/?post_type=product&#038;p=5136"},"modified":"2021-03-23T09:48:27","modified_gmt":"2021-03-23T13:48:27","slug":"panier-tresse-pour-la-fete-des-meres","status":"publish","type":"product","link":"https:\/\/www.worldsfinest.ca\/fr\/product\/panier-tresse-pour-la-fete-des-meres\/","title":{"rendered":"Panier tress\u00e9 pour la f\u00eate des m\u00e8res"},"content":{"rendered":"<p>Laisser votre maman savoir comment vous l\u2019aimez avec notre cadeau panier. Donnez la femme num\u00e9ro un, dans votre vie, une petite g\u00e2terie cette ann\u00e9e !<\/p>\n<p>Id\u00e9al pour les cadeaux, ce panier contient une excellente combinaison de chocolat le Meilleur au Monde\u00ae. Emball\u00e9 de cellophane, de ruban et d\u2019une boucle, il est pr\u00eat \u00e0 faire sourire.<\/p>\n<p><strong>Comprend:<\/strong>\u00a02 tablettes \u00e0 37g au chocolat au lait, amandes ou caramel; 1 contenant \u00e0 454g d\u2019amandes Continental\u00ae; 1 paquet \u00e0 70g de raisins sec enrob\u00e9s au chocolat au lait, 1 paquet \u00e0 70g de bouch\u00e9s \u00e0 l\u2019\u00e9rable, 1 paquet \u00e0 70g de bouch\u00e9s au caramel et sel de mer; 1 paquet \u00e0 70g d\u2019amandes au chocolat au lait Laura Secord; 1 bo\u00eete \u00e0 93g de cerise Queen Anne\u00ae au chocolat au lait; 2 sachets Raivin Raisin (raisins sec enrob\u00e9s au chocolat au lait) et une assortiments de bouch\u00e9es au chocolat individuel.<\/p>\n<p>*Produits peuvent varier.<\/p>\n<p>\u2116 du produit: 79070<\/p>\n","protected":false},"excerpt":{"rendered":"<p>Laisser votre maman savoir comment vous l\u2019aimez avec notre cadeau panier. Donnez la femme num\u00e9ro un, dans votre vie, une petite g\u00e2terie cette ann\u00e9e ! Id\u00e9al pour les cadeaux, ce panier contient une excellente combinaison de chocolat le Meilleur au Monde\u00ae. Emball\u00e9 de cellophane, de ruban et d\u2019une boucle, il est pr\u00eat \u00e0 faire sourire. [&hellip;]<\/p>\n","protected":false},"featured_media":5134,"comment_status":"open","ping_status":"closed","template":"","meta":{"_acf_changed":false},"product_cat":[83],"product_tag":[],"class_list":["post-5136","product","type-product","status-publish","has-post-thumbnail","hentry","product_cat-vrac","product_shipping_class-service-de-courrier-fr"],"acf":[],"yoast_head":"<!-- This site is optimized with the Yoast SEO plugin v21.1 - https:\/\/yoast.com\/wordpress\/plugins\/seo\/ -->\n<title>Panier tress\u00e9 pour la f\u00eate des m\u00e8res - Chocolat Le Meilleur au Monde\u00ae<\/title>\n<meta name=\"robots\" content=\"index, follow, max-snippet:-1, max-image-preview:large, max-video-preview:-1\" \/>\n<link rel=\"canonical\" href=\"https:\/\/www.worldsfinest.ca\/fr\/product\/panier-tresse-pour-la-fete-des-meres\/\" \/>\n<meta property=\"og:locale\" content=\"fr_FR\" \/>\n<meta property=\"og:type\" content=\"article\" \/>\n<meta property=\"og:title\" content=\"Panier tress\u00e9 pour la f\u00eate des m\u00e8res - Chocolat Le Meilleur au Monde\u00ae\" \/>\n<meta property=\"og:description\" content=\"Laisser votre maman savoir comment vous l\u2019aimez avec notre cadeau panier. Donnez la femme num\u00e9ro un, dans votre vie, une petite g\u00e2terie cette ann\u00e9e ! Id\u00e9al pour les cadeaux, ce panier contient une excellente combinaison de chocolat le Meilleur au Monde\u00ae. Emball\u00e9 de cellophane, de ruban et d\u2019une boucle, il est pr\u00eat \u00e0 faire sourire. [&hellip;]\" \/>\n<meta property=\"og:url\" content=\"https:\/\/www.worldsfinest.ca\/fr\/product\/panier-tresse-pour-la-fete-des-meres\/\" \/>\n<meta property=\"og:site_name\" content=\"Chocolat Le Meilleur au Monde\u00ae\" \/>\n<meta property=\"article:modified_time\" content=\"2021-03-23T13:48:27+00:00\" \/>\n<meta property=\"og:image\" content=\"https:\/\/www.worldsfinest.ca\/wp-content\/uploads\/79070-Mother-Days-French-2021.png\" \/>\n\t<meta property=\"og:image:width\" content=\"650\" \/>\n\t<meta property=\"og:image:height\" content=\"650\" \/>\n\t<meta property=\"og:image:type\" content=\"image\/png\" \/>\n<meta name=\"twitter:card\" content=\"summary_large_image\" \/>\n<meta name=\"twitter:label1\" content=\"Est. reading time\" \/>\n\t<meta name=\"twitter:data1\" content=\"1 minute\" \/>\n<script type=\"application\/ld+json\" class=\"yoast-schema-graph\">{\"@context\":\"https:\/\/schema.org\",\"@graph\":[{\"@type\":\"WebPage\",\"@id\":\"https:\/\/www.worldsfinest.ca\/fr\/product\/panier-tresse-pour-la-fete-des-meres\/\",\"url\":\"https:\/\/www.worldsfinest.ca\/fr\/product\/panier-tresse-pour-la-fete-des-meres\/\",\"name\":\"Panier tress\u00e9 pour la f\u00eate des m\u00e8res - Chocolat Le Meilleur au Monde\u00ae\",\"isPartOf\":{\"@id\":\"https:\/\/www.worldsfinest.ca\/#website\"},\"datePublished\":\"2021-03-22T22:30:44+00:00\",\"dateModified\":\"2021-03-23T13:48:27+00:00\",\"breadcrumb\":{\"@id\":\"https:\/\/www.worldsfinest.ca\/fr\/product\/panier-tresse-pour-la-fete-des-meres\/#breadcrumb\"},\"inLanguage\":\"fr-FR\",\"potentialAction\":[{\"@type\":\"ReadAction\",\"target\":[\"https:\/\/www.worldsfinest.ca\/fr\/product\/panier-tresse-pour-la-fete-des-meres\/\"]}]},{\"@type\":\"BreadcrumbList\",\"@id\":\"https:\/\/www.worldsfinest.ca\/fr\/product\/panier-tresse-pour-la-fete-des-meres\/#breadcrumb\",\"itemListElement\":[{\"@type\":\"ListItem\",\"position\":1,\"name\":\"Home\",\"item\":\"https:\/\/www.worldsfinest.ca\/fr\/\"},{\"@type\":\"ListItem\",\"position\":2,\"name\":\"Products\",\"item\":\"https:\/\/www.worldsfinest.ca\/shop\/\"},{\"@type\":\"ListItem\",\"position\":3,\"name\":\"Panier tress\u00e9 pour la f\u00eate des m\u00e8res\"}]},{\"@type\":\"WebSite\",\"@id\":\"https:\/\/www.worldsfinest.ca\/#website\",\"url\":\"https:\/\/www.worldsfinest.ca\/\",\"name\":\"Chocolat Le Meilleur au Monde\u00ae\",\"description\":\"\",\"potentialAction\":[{\"@type\":\"SearchAction\",\"target\":{\"@type\":\"EntryPoint\",\"urlTemplate\":\"https:\/\/www.worldsfinest.ca\/?s={search_term_string}\"},\"query-input\":\"required name=search_term_string\"}],\"inLanguage\":\"fr-FR\"}]}<\/script>\n<!-- \/ Yoast SEO plugin. -->","yoast_head_json":{"title":"Panier tress\u00e9 pour la f\u00eate des m\u00e8res - Chocolat Le Meilleur au Monde\u00ae","robots":{"index":"index","follow":"follow","max-snippet":"max-snippet:-1","max-image-preview":"max-image-preview:large","max-video-preview":"max-video-preview:-1"},"canonical":"https:\/\/www.worldsfinest.ca\/fr\/product\/panier-tresse-pour-la-fete-des-meres\/","og_locale":"fr_FR","og_type":"article","og_title":"Panier tress\u00e9 pour la f\u00eate des m\u00e8res - Chocolat Le Meilleur au Monde\u00ae","og_description":"Laisser votre maman savoir comment vous l\u2019aimez avec notre cadeau panier. Donnez la femme num\u00e9ro un, dans votre vie, une petite g\u00e2terie cette ann\u00e9e ! Id\u00e9al pour les cadeaux, ce panier contient une excellente combinaison de chocolat le Meilleur au Monde\u00ae. Emball\u00e9 de cellophane, de ruban et d\u2019une boucle, il est pr\u00eat \u00e0 faire sourire. [&hellip;]","og_url":"https:\/\/www.worldsfinest.ca\/fr\/product\/panier-tresse-pour-la-fete-des-meres\/","og_site_name":"Chocolat Le Meilleur au Monde\u00ae","article_modified_time":"2021-03-23T13:48:27+00:00","og_image":[{"width":650,"height":650,"url":"https:\/\/www.worldsfinest.ca\/wp-content\/uploads\/79070-Mother-Days-French-2021.png","type":"image\/png"}],"twitter_card":"summary_large_image","twitter_misc":{"Est. reading time":"1 minute"},"schema":{"@context":"https:\/\/schema.org","@graph":[{"@type":"WebPage","@id":"https:\/\/www.worldsfinest.ca\/fr\/product\/panier-tresse-pour-la-fete-des-meres\/","url":"https:\/\/www.worldsfinest.ca\/fr\/product\/panier-tresse-pour-la-fete-des-meres\/","name":"Panier tress\u00e9 pour la f\u00eate des m\u00e8res - Chocolat Le Meilleur au Monde\u00ae","isPartOf":{"@id":"https:\/\/www.worldsfinest.ca\/#website"},"datePublished":"2021-03-22T22:30:44+00:00","dateModified":"2021-03-23T13:48:27+00:00","breadcrumb":{"@id":"https:\/\/www.worldsfinest.ca\/fr\/product\/panier-tresse-pour-la-fete-des-meres\/#breadcrumb"},"inLanguage":"fr-FR","potentialAction":[{"@type":"ReadAction","target":["https:\/\/www.worldsfinest.ca\/fr\/product\/panier-tresse-pour-la-fete-des-meres\/"]}]},{"@type":"BreadcrumbList","@id":"https:\/\/www.worldsfinest.ca\/fr\/product\/panier-tresse-pour-la-fete-des-meres\/#breadcrumb","itemListElement":[{"@type":"ListItem","position":1,"name":"Home","item":"https:\/\/www.worldsfinest.ca\/fr\/"},{"@type":"ListItem","position":2,"name":"Products","item":"https:\/\/www.worldsfinest.ca\/shop\/"},{"@type":"ListItem","position":3,"name":"Panier tress\u00e9 pour la f\u00eate des m\u00e8res"}]},{"@type":"WebSite","@id":"https:\/\/www.worldsfinest.ca\/#website","url":"https:\/\/www.worldsfinest.ca\/","name":"Chocolat Le Meilleur au Monde\u00ae","description":"","potentialAction":[{"@type":"SearchAction","target":{"@type":"EntryPoint","urlTemplate":"https:\/\/www.worldsfinest.ca\/?s={search_term_string}"},"query-input":"required name=search_term_string"}],"inLanguage":"fr-FR"}]}},"_links":{"self":[{"href":"https:\/\/www.worldsfinest.ca\/fr\/wp-json\/wp\/v2\/product\/5136","targetHints":{"allow":["GET"]}}],"collection":[{"href":"https:\/\/www.worldsfinest.ca\/fr\/wp-json\/wp\/v2\/product"}],"about":[{"href":"https:\/\/www.worldsfinest.ca\/fr\/wp-json\/wp\/v2\/types\/product"}],"replies":[{"embeddable":true,"href":"https:\/\/www.worldsfinest.ca\/fr\/wp-json\/wp\/v2\/comments?post=5136"}],"wp:featuredmedia":[{"embeddable":true,"href":"https:\/\/www.worldsfinest.ca\/fr\/wp-json\/wp\/v2\/media\/5134"}],"wp:attachment":[{"href":"https:\/\/www.worldsfinest.ca\/fr\/wp-json\/wp\/v2\/media?parent=5136"}],"wp:term":[{"taxonomy":"product_cat","embeddable":true,"href":"https:\/\/www.worldsfinest.ca\/fr\/wp-json\/wp\/v2\/product_cat?post=5136"},{"taxonomy":"product_tag","embeddable":true,"href":"https:\/\/www.worldsfinest.ca\/fr\/wp-json\/wp\/v2\/product_tag?post=5136"}],"curies":[{"name":"wp","href":"https:\/\/api.w.org\/{rel}","templated":true}]}}