{"id":7520,"date":"2022-06-30T14:06:57","date_gmt":"2022-06-30T18:06:58","guid":{"rendered":"https:\/\/www.worldsfinest.ca\/?post_type=product&#038;p=7520"},"modified":"2022-08-29T09:07:47","modified_gmt":"2022-08-29T13:07:47","slug":"laura-secord-sans-arachides-3-qc","status":"publish","type":"product","link":"https:\/\/www.worldsfinest.ca\/fr\/product\/laura-secord-sans-arachides-3-qc\/","title":{"rendered":"Laura Secord &#8211; Sans arachides &#8211; 3 $ QC"},"content":{"rendered":"<p>Chaque mallette contient un assortiment de produits pour campagne de financement, dont :<\/P><\/p>\n<p>4 Amandes enrob\u00e9es en chocolat au lait<br \/>\n6 Barres au riz croustillant<br \/>\n7 Barres au chocolat au lait pur<br \/>\n6 Barres chocolat au lait pur et menthe<br \/>\n5 Bouch\u00e9es au caramel et sel de mer<br \/>\n2 Bouch\u00e9es \u00e0 l&#8217;\u00e9rable<\/p>\n<p>Num\u00e9ro de produit #95005<\/p>\n<p>* Les assortiments de produits peuvent \u00eatre modifi\u00e9s sans pr\u00e9avis.<\/p>\n","protected":false},"excerpt":{"rendered":"<p>Chaque mallette contient un assortiment de produits pour campagne de financement, dont : 4 Amandes enrob\u00e9es en chocolat au lait 6 Barres au riz croustillant 7 Barres au chocolat au lait pur 6 Barres chocolat au lait pur et menthe 5 Bouch\u00e9es au caramel et sel de mer 2 Bouch\u00e9es \u00e0 l&#8217;\u00e9rable Num\u00e9ro de produit [&hellip;]<\/p>\n","protected":false},"featured_media":6819,"comment_status":"open","ping_status":"closed","template":"","meta":{"_acf_changed":false},"product_cat":[83],"product_tag":[],"class_list":["post-7520","product","type-product","status-publish","has-post-thumbnail","hentry","product_cat-vrac","product_shipping_class-standard-fr"],"acf":[],"yoast_head":"<!-- This site is optimized with the Yoast SEO plugin v21.1 - https:\/\/yoast.com\/wordpress\/plugins\/seo\/ -->\n<title>Laura Secord - Sans arachides - 3 $ QC - Chocolat Le Meilleur au Monde\u00ae<\/title>\n<meta name=\"robots\" content=\"index, follow, max-snippet:-1, max-image-preview:large, max-video-preview:-1\" \/>\n<link rel=\"canonical\" href=\"https:\/\/www.worldsfinest.ca\/fr\/product\/laura-secord-sans-arachides-3-qc\/\" \/>\n<meta property=\"og:locale\" content=\"fr_FR\" \/>\n<meta property=\"og:type\" content=\"article\" \/>\n<meta property=\"og:title\" content=\"Laura Secord - Sans arachides - 3 $ QC - Chocolat Le Meilleur au Monde\u00ae\" \/>\n<meta property=\"og:description\" content=\"Chaque mallette contient un assortiment de produits pour campagne de financement, dont : 4 Amandes enrob\u00e9es en chocolat au lait 6 Barres au riz croustillant 7 Barres au chocolat au lait pur 6 Barres chocolat au lait pur et menthe 5 Bouch\u00e9es au caramel et sel de mer 2 Bouch\u00e9es \u00e0 l&#8217;\u00e9rable Num\u00e9ro de produit [&hellip;]\" \/>\n<meta property=\"og:url\" content=\"https:\/\/www.worldsfinest.ca\/fr\/product\/laura-secord-sans-arachides-3-qc\/\" \/>\n<meta property=\"og:site_name\" content=\"Chocolat Le Meilleur au Monde\u00ae\" \/>\n<meta property=\"article:modified_time\" content=\"2022-08-29T13:07:47+00:00\" \/>\n<meta property=\"og:image\" content=\"https:\/\/www.worldsfinest.ca\/wp-content\/uploads\/95005-2022.png\" \/>\n\t<meta property=\"og:image:width\" content=\"650\" \/>\n\t<meta property=\"og:image:height\" content=\"650\" \/>\n\t<meta property=\"og:image:type\" content=\"image\/png\" \/>\n<meta name=\"twitter:card\" content=\"summary_large_image\" \/>\n<script type=\"application\/ld+json\" class=\"yoast-schema-graph\">{\"@context\":\"https:\/\/schema.org\",\"@graph\":[{\"@type\":\"WebPage\",\"@id\":\"https:\/\/www.worldsfinest.ca\/fr\/product\/laura-secord-sans-arachides-3-qc\/\",\"url\":\"https:\/\/www.worldsfinest.ca\/fr\/product\/laura-secord-sans-arachides-3-qc\/\",\"name\":\"Laura Secord - Sans arachides - 3 $ QC - Chocolat Le Meilleur au Monde\u00ae\",\"isPartOf\":{\"@id\":\"https:\/\/www.worldsfinest.ca\/#website\"},\"datePublished\":\"2022-06-30T18:06:58+00:00\",\"dateModified\":\"2022-08-29T13:07:47+00:00\",\"breadcrumb\":{\"@id\":\"https:\/\/www.worldsfinest.ca\/fr\/product\/laura-secord-sans-arachides-3-qc\/#breadcrumb\"},\"inLanguage\":\"fr-FR\",\"potentialAction\":[{\"@type\":\"ReadAction\",\"target\":[\"https:\/\/www.worldsfinest.ca\/fr\/product\/laura-secord-sans-arachides-3-qc\/\"]}]},{\"@type\":\"BreadcrumbList\",\"@id\":\"https:\/\/www.worldsfinest.ca\/fr\/product\/laura-secord-sans-arachides-3-qc\/#breadcrumb\",\"itemListElement\":[{\"@type\":\"ListItem\",\"position\":1,\"name\":\"Home\",\"item\":\"https:\/\/www.worldsfinest.ca\/fr\/\"},{\"@type\":\"ListItem\",\"position\":2,\"name\":\"Products\",\"item\":\"https:\/\/www.worldsfinest.ca\/shop\/\"},{\"@type\":\"ListItem\",\"position\":3,\"name\":\"Laura Secord &#8211; Sans arachides &#8211; 3 $ QC\"}]},{\"@type\":\"WebSite\",\"@id\":\"https:\/\/www.worldsfinest.ca\/#website\",\"url\":\"https:\/\/www.worldsfinest.ca\/\",\"name\":\"Chocolat Le Meilleur au Monde\u00ae\",\"description\":\"\",\"potentialAction\":[{\"@type\":\"SearchAction\",\"target\":{\"@type\":\"EntryPoint\",\"urlTemplate\":\"https:\/\/www.worldsfinest.ca\/?s={search_term_string}\"},\"query-input\":\"required name=search_term_string\"}],\"inLanguage\":\"fr-FR\"}]}<\/script>\n<!-- \/ Yoast SEO plugin. -->","yoast_head_json":{"title":"Laura Secord - Sans arachides - 3 $ QC - Chocolat Le Meilleur au Monde\u00ae","robots":{"index":"index","follow":"follow","max-snippet":"max-snippet:-1","max-image-preview":"max-image-preview:large","max-video-preview":"max-video-preview:-1"},"canonical":"https:\/\/www.worldsfinest.ca\/fr\/product\/laura-secord-sans-arachides-3-qc\/","og_locale":"fr_FR","og_type":"article","og_title":"Laura Secord - Sans arachides - 3 $ QC - Chocolat Le Meilleur au Monde\u00ae","og_description":"Chaque mallette contient un assortiment de produits pour campagne de financement, dont : 4 Amandes enrob\u00e9es en chocolat au lait 6 Barres au riz croustillant 7 Barres au chocolat au lait pur 6 Barres chocolat au lait pur et menthe 5 Bouch\u00e9es au caramel et sel de mer 2 Bouch\u00e9es \u00e0 l&#8217;\u00e9rable Num\u00e9ro de produit [&hellip;]","og_url":"https:\/\/www.worldsfinest.ca\/fr\/product\/laura-secord-sans-arachides-3-qc\/","og_site_name":"Chocolat Le Meilleur au Monde\u00ae","article_modified_time":"2022-08-29T13:07:47+00:00","og_image":[{"width":650,"height":650,"url":"https:\/\/www.worldsfinest.ca\/wp-content\/uploads\/95005-2022.png","type":"image\/png"}],"twitter_card":"summary_large_image","schema":{"@context":"https:\/\/schema.org","@graph":[{"@type":"WebPage","@id":"https:\/\/www.worldsfinest.ca\/fr\/product\/laura-secord-sans-arachides-3-qc\/","url":"https:\/\/www.worldsfinest.ca\/fr\/product\/laura-secord-sans-arachides-3-qc\/","name":"Laura Secord - Sans arachides - 3 $ QC - Chocolat Le Meilleur au Monde\u00ae","isPartOf":{"@id":"https:\/\/www.worldsfinest.ca\/#website"},"datePublished":"2022-06-30T18:06:58+00:00","dateModified":"2022-08-29T13:07:47+00:00","breadcrumb":{"@id":"https:\/\/www.worldsfinest.ca\/fr\/product\/laura-secord-sans-arachides-3-qc\/#breadcrumb"},"inLanguage":"fr-FR","potentialAction":[{"@type":"ReadAction","target":["https:\/\/www.worldsfinest.ca\/fr\/product\/laura-secord-sans-arachides-3-qc\/"]}]},{"@type":"BreadcrumbList","@id":"https:\/\/www.worldsfinest.ca\/fr\/product\/laura-secord-sans-arachides-3-qc\/#breadcrumb","itemListElement":[{"@type":"ListItem","position":1,"name":"Home","item":"https:\/\/www.worldsfinest.ca\/fr\/"},{"@type":"ListItem","position":2,"name":"Products","item":"https:\/\/www.worldsfinest.ca\/shop\/"},{"@type":"ListItem","position":3,"name":"Laura Secord &#8211; Sans arachides &#8211; 3 $ QC"}]},{"@type":"WebSite","@id":"https:\/\/www.worldsfinest.ca\/#website","url":"https:\/\/www.worldsfinest.ca\/","name":"Chocolat Le Meilleur au Monde\u00ae","description":"","potentialAction":[{"@type":"SearchAction","target":{"@type":"EntryPoint","urlTemplate":"https:\/\/www.worldsfinest.ca\/?s={search_term_string}"},"query-input":"required name=search_term_string"}],"inLanguage":"fr-FR"}]}},"_links":{"self":[{"href":"https:\/\/www.worldsfinest.ca\/fr\/wp-json\/wp\/v2\/product\/7520","targetHints":{"allow":["GET"]}}],"collection":[{"href":"https:\/\/www.worldsfinest.ca\/fr\/wp-json\/wp\/v2\/product"}],"about":[{"href":"https:\/\/www.worldsfinest.ca\/fr\/wp-json\/wp\/v2\/types\/product"}],"replies":[{"embeddable":true,"href":"https:\/\/www.worldsfinest.ca\/fr\/wp-json\/wp\/v2\/comments?post=7520"}],"wp:featuredmedia":[{"embeddable":true,"href":"https:\/\/www.worldsfinest.ca\/fr\/wp-json\/wp\/v2\/media\/6819"}],"wp:attachment":[{"href":"https:\/\/www.worldsfinest.ca\/fr\/wp-json\/wp\/v2\/media?parent=7520"}],"wp:term":[{"taxonomy":"product_cat","embeddable":true,"href":"https:\/\/www.worldsfinest.ca\/fr\/wp-json\/wp\/v2\/product_cat?post=7520"},{"taxonomy":"product_tag","embeddable":true,"href":"https:\/\/www.worldsfinest.ca\/fr\/wp-json\/wp\/v2\/product_tag?post=7520"}],"curies":[{"name":"wp","href":"https:\/\/api.w.org\/{rel}","templated":true}]}}